{"id":3042,"date":"2022-01-19T11:34:13","date_gmt":"2022-01-19T11:34:13","guid":{"rendered":"https:\/\/ivymobility.com\/?page_id=3042"},"modified":"2024-06-07T10:55:30","modified_gmt":"2024-06-07T10:55:30","slug":"thank-you","status":"publish","type":"page","link":"https:\/\/ivymobility.com\/pt\/thank-you\/","title":{"rendered":"Obrigado"},"content":{"rendered":"<style>.kb-row-layout-id3042_7ad77d-5f > .kt-row-column-wrap{align-content:center;}:where(.kb-row-layout-id3042_7ad77d-5f > .kt-row-column-wrap) > .wp-block-kadence-column{justify-content:center;}.kb-row-layout-id3042_7ad77d-5f > .kt-row-column-wrap{column-gap:var(--global-kb-gap-md, 2rem);row-gap:var(--global-kb-gap-md, 2rem);max-width:var( --global-content-width, 1290px );padding-left:var(--global-content-edge-padding);padding-right:var(--global-content-edge-padding);padding-top:var(--global-kb-spacing-sm, 1.5rem);padding-bottom:var(--global-kb-spacing-sm, 1.5rem);min-height:350px;grid-template-columns:minmax(0, 1fr);}.kb-row-layout-id3042_7ad77d-5f{background-image:url('https:\/\/ivymobility.com\/wp-content\/uploads\/2022\/01\/zyro-fMXGNyhRkGg-unsplash-scaled-1.jpg');background-size:cover;background-position:center center;background-attachment:scroll;background-repeat:no-repeat;}.kb-row-layout-id3042_7ad77d-5f > .kt-row-layout-overlay{opacity:0.30;}@media all and (max-width: 1024px){.kb-row-layout-id3042_7ad77d-5f > .kt-row-column-wrap{grid-template-columns:minmax(0, 1fr);}}@media all and (max-width: 767px){.kb-row-layout-id3042_7ad77d-5f > .kt-row-column-wrap{grid-template-columns:minmax(0, 1fr);}}<\/style><div class=\"kb-row-layout-wrap kb-row-layout-id3042_7ad77d-5f alignfull kt-row-has-bg wp-block-kadence-rowlayout\"><div class=\"kt-row-column-wrap kt-has-1-columns kt-row-layout-equal kt-tab-layout-inherit kt-mobile-layout-row kt-row-valign-middle kb-theme-content-width\">\n<style>.kadence-column3042_7e38a2-71 > .kt-inside-inner-col,.kadence-column3042_7e38a2-71 > .kt-inside-inner-col:before{border-top-left-radius:0px;border-top-right-radius:0px;border-bottom-right-radius:0px;border-bottom-left-radius:0px;}.kadence-column3042_7e38a2-71 > .kt-inside-inner-col{column-gap:var(--global-kb-gap-sm, 1rem);}.kadence-column3042_7e38a2-71 > .kt-inside-inner-col{flex-direction:column;}.kadence-column3042_7e38a2-71 > .kt-inside-inner-col > .aligncenter{width:100%;}.kadence-column3042_7e38a2-71 > .kt-inside-inner-col:before{opacity:0.3;}.kadence-column3042_7e38a2-71{position:relative;}@media all and (max-width: 1024px){.kadence-column3042_7e38a2-71 > .kt-inside-inner-col{flex-direction:column;justify-content:center;}}@media all and (max-width: 767px){.kadence-column3042_7e38a2-71 > .kt-inside-inner-col{flex-direction:column;justify-content:center;}}<\/style>\n<div class=\"wp-block-kadence-column kadence-column3042_7e38a2-71\"><div class=\"kt-inside-inner-col\"><style>.wp-block-kadence-advancedheading.kt-adv-heading3042_417975-fc, .wp-block-kadence-advancedheading.kt-adv-heading3042_417975-fc[data-kb-block=\"kb-adv-heading3042_417975-fc\"]{text-align:center;font-style:normal;}.wp-block-kadence-advancedheading.kt-adv-heading3042_417975-fc mark.kt-highlight, .wp-block-kadence-advancedheading.kt-adv-heading3042_417975-fc[data-kb-block=\"kb-adv-heading3042_417975-fc\"] mark.kt-highlight{font-style:normal;color:#f76a0c;-webkit-box-decoration-break:clone;box-decoration-break:clone;padding-top:0px;padding-right:0px;padding-bottom:0px;padding-left:0px;}.wp-block-kadence-advancedheading.kt-adv-heading3042_417975-fc img.kb-inline-image, .wp-block-kadence-advancedheading.kt-adv-heading3042_417975-fc[data-kb-block=\"kb-adv-heading3042_417975-fc\"] img.kb-inline-image{width:150px;vertical-align:baseline;}<\/style>\n<h2 class=\"kt-adv-heading3042_417975-fc wp-block-kadence-advancedheading has-theme-palette-1-color has-text-color\" data-kb-block=\"kb-adv-heading3042_417975-fc\">Obrigado<\/h2>\n<\/div><\/div>\n\n<\/div><\/div>\n\n<style>.kb-row-layout-id3042_b93290-cc > .kt-row-column-wrap{align-content:start;}:where(.kb-row-layout-id3042_b93290-cc > .kt-row-column-wrap) > .wp-block-kadence-column{justify-content:start;}.kb-row-layout-id3042_b93290-cc > .kt-row-column-wrap{column-gap:var(--global-kb-gap-md, 2rem);row-gap:var(--global-kb-gap-md, 2rem);max-width:var( --global-content-width, 1290px );padding-left:var(--global-content-edge-padding);padding-right:var(--global-content-edge-padding);padding-top:var(--global-kb-spacing-sm, 1.5rem);padding-left:var(--global-kb-spacing-sm, 1.5rem);grid-template-columns:minmax(0, 1fr);}.kb-row-layout-id3042_b93290-cc > .kt-row-layout-overlay{opacity:0.30;}@media all and (max-width: 1024px){.kb-row-layout-id3042_b93290-cc > .kt-row-column-wrap{grid-template-columns:minmax(0, 1fr);}}@media all and (max-width: 767px){.kb-row-layout-id3042_b93290-cc > .kt-row-column-wrap{grid-template-columns:minmax(0, 1fr);}}<\/style><div class=\"kb-row-layout-wrap kb-row-layout-id3042_b93290-cc alignwide wp-block-kadence-rowlayout\"><div class=\"kt-row-column-wrap kt-has-1-columns kt-row-layout-equal kt-tab-layout-inherit kt-mobile-layout-row kt-row-valign-top kb-theme-content-width\">\n<style>.kadence-column3042_57febb-10 > .kt-inside-inner-col{padding-top:var(--global-kb-spacing-xl, 4rem);padding-right:var(--global-kb-spacing-xl, 4rem);padding-bottom:var(--global-kb-spacing-xl, 4rem);padding-left:var(--global-kb-spacing-xl, 4rem);}.kadence-column3042_57febb-10 > .kt-inside-inner-col,.kadence-column3042_57febb-10 > .kt-inside-inner-col:before{border-top-left-radius:0px;border-top-right-radius:0px;border-bottom-right-radius:0px;border-bottom-left-radius:0px;}.kadence-column3042_57febb-10 > .kt-inside-inner-col{column-gap:var(--global-kb-gap-sm, 1rem);}.kadence-column3042_57febb-10 > .kt-inside-inner-col{flex-direction:column;}.kadence-column3042_57febb-10 > .kt-inside-inner-col > .aligncenter{width:100%;}.kadence-column3042_57febb-10 > .kt-inside-inner-col{background-color:var(--global-palette9, #ffffff);}.kadence-column3042_57febb-10 > .kt-inside-inner-col:before{opacity:0.3;}.kadence-column3042_57febb-10{position:relative;}.kadence-column3042_57febb-10, .kt-inside-inner-col > .kadence-column3042_57febb-10:not(.specificity){margin-top:-120px;}@media all and (max-width: 1024px){.kadence-column3042_57febb-10 > .kt-inside-inner-col{flex-direction:column;justify-content:center;}}@media all and (max-width: 767px){.kadence-column3042_57febb-10 > .kt-inside-inner-col{flex-direction:column;justify-content:center;}}<\/style>\n<div class=\"wp-block-kadence-column kadence-column3042_57febb-10\"><div class=\"kt-inside-inner-col\"><style>.wp-block-kadence-advancedheading.kt-adv-heading3042_83cf73-fb, .wp-block-kadence-advancedheading.kt-adv-heading3042_83cf73-fb[data-kb-block=\"kb-adv-heading3042_83cf73-fb\"]{text-align:center;font-style:normal;}.wp-block-kadence-advancedheading.kt-adv-heading3042_83cf73-fb mark.kt-highlight, .wp-block-kadence-advancedheading.kt-adv-heading3042_83cf73-fb[data-kb-block=\"kb-adv-heading3042_83cf73-fb\"] mark.kt-highlight{font-style:normal;color:#f76a0c;-webkit-box-decoration-break:clone;box-decoration-break:clone;padding-top:0px;padding-right:0px;padding-bottom:0px;padding-left:0px;}.wp-block-kadence-advancedheading.kt-adv-heading3042_83cf73-fb img.kb-inline-image, .wp-block-kadence-advancedheading.kt-adv-heading3042_83cf73-fb[data-kb-block=\"kb-adv-heading3042_83cf73-fb\"] img.kb-inline-image{width:150px;vertical-align:baseline;}<\/style>\n<h2 class=\"kt-adv-heading3042_83cf73-fb wp-block-kadence-advancedheading has-theme-palette-2-color has-text-color\" data-kb-block=\"kb-adv-heading3042_83cf73-fb\">Obrigado pelo seu interesse em nossa solu\u00e7\u00e3o.<\/h2>\n\n\n<style>.wp-block-kadence-advancedheading.kt-adv-heading3042_284f75-b4, .wp-block-kadence-advancedheading.kt-adv-heading3042_284f75-b4[data-kb-block=\"kb-adv-heading3042_284f75-b4\"]{text-align:center;font-style:normal;}.wp-block-kadence-advancedheading.kt-adv-heading3042_284f75-b4 mark.kt-highlight, .wp-block-kadence-advancedheading.kt-adv-heading3042_284f75-b4[data-kb-block=\"kb-adv-heading3042_284f75-b4\"] mark.kt-highlight{font-style:normal;color:#f76a0c;-webkit-box-decoration-break:clone;box-decoration-break:clone;padding-top:0px;padding-right:0px;padding-bottom:0px;padding-left:0px;}.wp-block-kadence-advancedheading.kt-adv-heading3042_284f75-b4 img.kb-inline-image, .wp-block-kadence-advancedheading.kt-adv-heading3042_284f75-b4[data-kb-block=\"kb-adv-heading3042_284f75-b4\"] img.kb-inline-image{width:150px;vertical-align:baseline;}<\/style>\n<p class=\"kt-adv-heading3042_284f75-b4 wp-block-kadence-advancedheading\" data-kb-block=\"kb-adv-heading3042_284f75-b4\">Um de nossos executivos de vendas entrar\u00e1 em contato com voc\u00ea em breve.<\/p>\n\n\n\n<hr class=\"wp-block-separator has-text-color has-theme-palette-8-color has-alpha-channel-opacity has-theme-palette-8-background-color has-background is-style-wide\"\/>\n\n\n<style>.wp-block-kadence-advancedheading.kt-adv-heading3042_e675b9-58, .wp-block-kadence-advancedheading.kt-adv-heading3042_e675b9-58[data-kb-block=\"kb-adv-heading3042_e675b9-58\"]{padding-top:var(--global-kb-spacing-sm, 1.5rem);text-align:center;font-style:normal;}.wp-block-kadence-advancedheading.kt-adv-heading3042_e675b9-58 mark.kt-highlight, .wp-block-kadence-advancedheading.kt-adv-heading3042_e675b9-58[data-kb-block=\"kb-adv-heading3042_e675b9-58\"] mark.kt-highlight{font-style:normal;color:#f76a0c;-webkit-box-decoration-break:clone;box-decoration-break:clone;padding-top:0px;padding-right:0px;padding-bottom:0px;padding-left:0px;}.wp-block-kadence-advancedheading.kt-adv-heading3042_e675b9-58 img.kb-inline-image, .wp-block-kadence-advancedheading.kt-adv-heading3042_e675b9-58[data-kb-block=\"kb-adv-heading3042_e675b9-58\"] img.kb-inline-image{width:150px;vertical-align:baseline;}<\/style>\n<p class=\"kt-adv-heading3042_e675b9-58 wp-block-kadence-advancedheading\" data-kb-block=\"kb-adv-heading3042_e675b9-58\">Clique aqui para ir ao&nbsp;<a href=\"https:\/\/ivymobility.com\/pt\/\">pagina inicial<\/a><\/p>\n<\/div><\/div>\n\n<\/div><\/div>","protected":false},"excerpt":{"rendered":"<p>Obrigado! Agradecemos o seu interesse em nossa solu\u00e7\u00e3o. Um de nossos executivos de vendas entrar\u00e1 em contato com voc\u00ea em breve. Clique aqui para acessar a p\u00e1gina inicial.<\/p>","protected":false},"author":1,"featured_media":0,"parent":0,"menu_order":0,"comment_status":"closed","ping_status":"closed","template":"page-templates\/default-flexible-content.php","meta":{"_acf_changed":false,"inline_featured_image":false,"_kad_blocks_custom_css":"","_kad_blocks_head_custom_js":"","_kad_blocks_body_custom_js":"","_kad_blocks_footer_custom_js":"","_kadence_starter_templates_imported_post":false,"_kad_post_transparent":"","_kad_post_title":"","_kad_post_layout":"","_kad_post_sidebar_id":"","_kad_post_content_style":"","_kad_post_vertical_padding":"","_kad_post_feature":"","_kad_post_feature_position":"","_kad_post_header":false,"_kad_post_footer":false,"footnotes":""},"class_list":["post-3042","page","type-page","status-publish","hentry"],"acf":[],"yoast_head":"<!-- This site is optimized with the Yoast SEO plugin v26.9 - https:\/\/yoast.com\/product\/yoast-seo-wordpress\/ -->\n<title>Thank You<\/title>\n<meta name=\"robots\" content=\"index, follow, max-snippet:-1, max-image-preview:large, max-video-preview:-1\" \/>\n<link rel=\"canonical\" href=\"https:\/\/ivymobility.com\/pt\/thank-you\/\" \/>\n<meta property=\"og:locale\" content=\"pt_BR\" \/>\n<meta property=\"og:type\" content=\"article\" \/>\n<meta property=\"og:title\" content=\"Thank You\" \/>\n<meta property=\"og:description\" content=\"Thank You Thank you for your interest in our solution. One of our sales executives will be in touch with you shortly. Click here to go to the&nbsp;home page\" \/>\n<meta property=\"og:url\" content=\"https:\/\/ivymobility.com\/pt\/thank-you\/\" \/>\n<meta property=\"og:site_name\" content=\"Ivy Mobility\" \/>\n<meta property=\"article:modified_time\" content=\"2024-06-07T10:55:30+00:00\" \/>\n<meta name=\"twitter:card\" content=\"summary_large_image\" \/>\n<script type=\"application\/ld+json\" class=\"yoast-schema-graph\">{\"@context\":\"https:\/\/schema.org\",\"@graph\":[{\"@type\":\"WebPage\",\"@id\":\"https:\/\/ivymobility.com\/thank-you\/\",\"url\":\"https:\/\/ivymobility.com\/thank-you\/\",\"name\":\"Thank You\",\"isPartOf\":{\"@id\":\"https:\/\/ivymobility.com\/#website\"},\"datePublished\":\"2022-01-19T11:34:13+00:00\",\"dateModified\":\"2024-06-07T10:55:30+00:00\",\"breadcrumb\":{\"@id\":\"https:\/\/ivymobility.com\/thank-you\/#breadcrumb\"},\"inLanguage\":\"pt-BR\",\"potentialAction\":[{\"@type\":\"ReadAction\",\"target\":[\"https:\/\/ivymobility.com\/thank-you\/\"]}]},{\"@type\":\"BreadcrumbList\",\"@id\":\"https:\/\/ivymobility.com\/thank-you\/#breadcrumb\",\"itemListElement\":[{\"@type\":\"ListItem\",\"position\":1,\"name\":\"Home\",\"item\":\"https:\/\/ivymobility.com\/\"},{\"@type\":\"ListItem\",\"position\":2,\"name\":\"Thank You\"}]},{\"@type\":\"WebSite\",\"@id\":\"https:\/\/ivymobility.com\/#website\",\"url\":\"https:\/\/ivymobility.com\/\",\"name\":\"Ivy Mobility\",\"description\":\"| Intelligent Route to Market Solution for the Consumer Goods Industry\",\"publisher\":{\"@id\":\"https:\/\/ivymobility.com\/#organization\"},\"potentialAction\":[{\"@type\":\"SearchAction\",\"target\":{\"@type\":\"EntryPoint\",\"urlTemplate\":\"https:\/\/ivymobility.com\/?s={search_term_string}\"},\"query-input\":{\"@type\":\"PropertyValueSpecification\",\"valueRequired\":true,\"valueName\":\"search_term_string\"}}],\"inLanguage\":\"pt-BR\"},{\"@type\":\"Organization\",\"@id\":\"https:\/\/ivymobility.com\/#organization\",\"name\":\"Ivy Mobility\",\"url\":\"https:\/\/ivymobility.com\/\",\"logo\":{\"@type\":\"ImageObject\",\"inLanguage\":\"pt-BR\",\"@id\":\"https:\/\/ivymobility.com\/#\/schema\/logo\/image\/\",\"url\":\"https:\/\/ivymobility.com\/wp-content\/uploads\/2022\/01\/Ivy-Logo-1.png\",\"contentUrl\":\"https:\/\/ivymobility.com\/wp-content\/uploads\/2022\/01\/Ivy-Logo-1.png\",\"width\":500,\"height\":167,\"caption\":\"Ivy Mobility\"},\"image\":{\"@id\":\"https:\/\/ivymobility.com\/#\/schema\/logo\/image\/\"}}]}<\/script>\n<!-- \/ Yoast SEO plugin. -->","yoast_head_json":{"title":"Obrigado","robots":{"index":"index","follow":"follow","max-snippet":"max-snippet:-1","max-image-preview":"max-image-preview:large","max-video-preview":"max-video-preview:-1"},"canonical":"https:\/\/ivymobility.com\/pt\/thank-you\/","og_locale":"pt_BR","og_type":"article","og_title":"Thank You","og_description":"Thank You Thank you for your interest in our solution. One of our sales executives will be in touch with you shortly. Click here to go to the&nbsp;home page","og_url":"https:\/\/ivymobility.com\/pt\/thank-you\/","og_site_name":"Ivy Mobility","article_modified_time":"2024-06-07T10:55:30+00:00","twitter_card":"summary_large_image","schema":{"@context":"https:\/\/schema.org","@graph":[{"@type":"WebPage","@id":"https:\/\/ivymobility.com\/thank-you\/","url":"https:\/\/ivymobility.com\/thank-you\/","name":"Obrigado","isPartOf":{"@id":"https:\/\/ivymobility.com\/#website"},"datePublished":"2022-01-19T11:34:13+00:00","dateModified":"2024-06-07T10:55:30+00:00","breadcrumb":{"@id":"https:\/\/ivymobility.com\/thank-you\/#breadcrumb"},"inLanguage":"pt-BR","potentialAction":[{"@type":"ReadAction","target":["https:\/\/ivymobility.com\/thank-you\/"]}]},{"@type":"BreadcrumbList","@id":"https:\/\/ivymobility.com\/thank-you\/#breadcrumb","itemListElement":[{"@type":"ListItem","position":1,"name":"Home","item":"https:\/\/ivymobility.com\/"},{"@type":"ListItem","position":2,"name":"Thank You"}]},{"@type":"WebSite","@id":"https:\/\/ivymobility.com\/#website","url":"https:\/\/ivymobility.com\/","name":"Mobilidade Ivy","description":"| Solu\u00e7\u00e3o inteligente de rota para o mercado para a ind\u00fastria de bens de consumo","publisher":{"@id":"https:\/\/ivymobility.com\/#organization"},"potentialAction":[{"@type":"SearchAction","target":{"@type":"EntryPoint","urlTemplate":"https:\/\/ivymobility.com\/?s={search_term_string}"},"query-input":{"@type":"PropertyValueSpecification","valueRequired":true,"valueName":"search_term_string"}}],"inLanguage":"pt-BR"},{"@type":"Organization","@id":"https:\/\/ivymobility.com\/#organization","name":"Mobilidade Ivy","url":"https:\/\/ivymobility.com\/","logo":{"@type":"ImageObject","inLanguage":"pt-BR","@id":"https:\/\/ivymobility.com\/#\/schema\/logo\/image\/","url":"https:\/\/ivymobility.com\/wp-content\/uploads\/2022\/01\/Ivy-Logo-1.png","contentUrl":"https:\/\/ivymobility.com\/wp-content\/uploads\/2022\/01\/Ivy-Logo-1.png","width":500,"height":167,"caption":"Ivy Mobility"},"image":{"@id":"https:\/\/ivymobility.com\/#\/schema\/logo\/image\/"}}]}},"taxonomy_info":[],"featured_image_src_large":false,"author_info":{"display_name":"sitemanager","author_link":"https:\/\/ivymobility.com\/pt\/author\/sitemanager\/"},"comment_info":0,"_links":{"self":[{"href":"https:\/\/ivymobility.com\/pt\/wp-json\/wp\/v2\/pages\/3042","targetHints":{"allow":["GET"]}}],"collection":[{"href":"https:\/\/ivymobility.com\/pt\/wp-json\/wp\/v2\/pages"}],"about":[{"href":"https:\/\/ivymobility.com\/pt\/wp-json\/wp\/v2\/types\/page"}],"author":[{"embeddable":true,"href":"https:\/\/ivymobility.com\/pt\/wp-json\/wp\/v2\/users\/1"}],"replies":[{"embeddable":true,"href":"https:\/\/ivymobility.com\/pt\/wp-json\/wp\/v2\/comments?post=3042"}],"version-history":[{"count":1,"href":"https:\/\/ivymobility.com\/pt\/wp-json\/wp\/v2\/pages\/3042\/revisions"}],"predecessor-version":[{"id":12640,"href":"https:\/\/ivymobility.com\/pt\/wp-json\/wp\/v2\/pages\/3042\/revisions\/12640"}],"wp:attachment":[{"href":"https:\/\/ivymobility.com\/pt\/wp-json\/wp\/v2\/media?parent=3042"}],"curies":[{"name":"wp","href":"https:\/\/api.w.org\/{rel}","templated":true}]}}