{"id":1714,"date":"2021-12-28T13:58:44","date_gmt":"2021-12-28T13:58:44","guid":{"rendered":"https:\/\/elb-ivydev-website-01-1023820660.ap-south-1.elb.amazonaws.com\/?page_id=1714"},"modified":"2024-06-10T05:31:04","modified_gmt":"2024-06-10T05:31:04","slug":"request-demo","status":"publish","type":"page","link":"https:\/\/ivymobility.com\/pt\/request-demo\/","title":{"rendered":"Solicite uma demonstra\u00e7\u00e3o"},"content":{"rendered":"<style>.kb-row-layout-id1714_e336ab-1d > .kt-row-column-wrap{align-content:center;}:where(.kb-row-layout-id1714_e336ab-1d > .kt-row-column-wrap) > .wp-block-kadence-column{justify-content:center;}.kb-row-layout-id1714_e336ab-1d > .kt-row-column-wrap{column-gap:var(--global-kb-gap-md, 2rem);row-gap:var(--global-kb-gap-md, 2rem);max-width:var( --global-content-width, 1290px );padding-left:var(--global-content-edge-padding);padding-right:var(--global-content-edge-padding);padding-top:var(--global-kb-spacing-sm, 1.5rem);padding-bottom:var(--global-kb-spacing-sm, 1.5rem);min-height:350px;grid-template-columns:minmax(0, 1fr);}.kb-row-layout-id1714_e336ab-1d{background-image:url('https:\/\/ivymobility.com\/wp-content\/uploads\/2021\/12\/requestademo-heroimage-1024x309-1.png');background-size:cover;background-position:center center;background-attachment:scroll;background-repeat:no-repeat;}.kb-row-layout-id1714_e336ab-1d > .kt-row-layout-overlay{opacity:0.30;}@media all and (max-width: 1024px){.kb-row-layout-id1714_e336ab-1d > .kt-row-column-wrap{grid-template-columns:minmax(0, 1fr);}}@media all and (max-width: 767px){.kb-row-layout-id1714_e336ab-1d > .kt-row-column-wrap{grid-template-columns:minmax(0, 1fr);}}<\/style><div class=\"kb-row-layout-wrap kb-row-layout-id1714_e336ab-1d alignfull kt-row-has-bg wp-block-kadence-rowlayout\"><div class=\"kt-row-column-wrap kt-has-1-columns kt-row-layout-equal kt-tab-layout-inherit kt-mobile-layout-row kt-row-valign-middle kb-theme-content-width\">\n<style>.kadence-column1714_e16765-4e > .kt-inside-inner-col,.kadence-column1714_e16765-4e > .kt-inside-inner-col:before{border-top-left-radius:0px;border-top-right-radius:0px;border-bottom-right-radius:0px;border-bottom-left-radius:0px;}.kadence-column1714_e16765-4e > .kt-inside-inner-col{column-gap:var(--global-kb-gap-sm, 1rem);}.kadence-column1714_e16765-4e > .kt-inside-inner-col{flex-direction:column;}.kadence-column1714_e16765-4e > .kt-inside-inner-col > .aligncenter{width:100%;}.kadence-column1714_e16765-4e > .kt-inside-inner-col:before{opacity:0.3;}.kadence-column1714_e16765-4e{position:relative;}@media all and (max-width: 1024px){.kadence-column1714_e16765-4e > .kt-inside-inner-col{flex-direction:column;justify-content:center;}}@media all and (max-width: 767px){.kadence-column1714_e16765-4e > .kt-inside-inner-col{flex-direction:column;justify-content:center;}}<\/style>\n<div class=\"wp-block-kadence-column kadence-column1714_e16765-4e\"><div class=\"kt-inside-inner-col\"><style>.wp-block-kadence-advancedheading.kt-adv-heading1714_846cd5-d8, .wp-block-kadence-advancedheading.kt-adv-heading1714_846cd5-d8[data-kb-block=\"kb-adv-heading1714_846cd5-d8\"]{text-align:center;font-style:normal;}.wp-block-kadence-advancedheading.kt-adv-heading1714_846cd5-d8 mark.kt-highlight, .wp-block-kadence-advancedheading.kt-adv-heading1714_846cd5-d8[data-kb-block=\"kb-adv-heading1714_846cd5-d8\"] mark.kt-highlight{font-style:normal;color:#f76a0c;-webkit-box-decoration-break:clone;box-decoration-break:clone;padding-top:0px;padding-right:0px;padding-bottom:0px;padding-left:0px;}.wp-block-kadence-advancedheading.kt-adv-heading1714_846cd5-d8 img.kb-inline-image, .wp-block-kadence-advancedheading.kt-adv-heading1714_846cd5-d8[data-kb-block=\"kb-adv-heading1714_846cd5-d8\"] img.kb-inline-image{width:150px;vertical-align:baseline;}<\/style>\n<h2 class=\"kt-adv-heading1714_846cd5-d8 wp-block-kadence-advancedheading has-theme-palette-1-color has-text-color\" data-kb-block=\"kb-adv-heading1714_846cd5-d8\">Solicite uma demonstra\u00e7\u00e3o<\/h2>\n<\/div><\/div>\n\n<\/div><\/div>\n\n<style>.kb-row-layout-id1714_991c65-e0 > .kt-row-column-wrap{align-content:start;}:where(.kb-row-layout-id1714_991c65-e0 > .kt-row-column-wrap) > .wp-block-kadence-column{justify-content:start;}.kb-row-layout-id1714_991c65-e0 > .kt-row-column-wrap{column-gap:var(--global-kb-gap-md, 2rem);row-gap:var(--global-kb-gap-md, 2rem);max-width:var( --global-content-width, 1290px );padding-left:var(--global-content-edge-padding);padding-right:var(--global-content-edge-padding);padding-top:var(--global-kb-spacing-sm, 1.5rem);padding-left:var(--global-kb-spacing-sm, 1.5rem);grid-template-columns:minmax(0, 1fr);}.kb-row-layout-id1714_991c65-e0 > .kt-row-layout-overlay{opacity:0.30;}@media all and (max-width: 1024px){.kb-row-layout-id1714_991c65-e0 > .kt-row-column-wrap{grid-template-columns:minmax(0, 1fr);}}@media all and (max-width: 767px){.kb-row-layout-id1714_991c65-e0 > .kt-row-column-wrap{grid-template-columns:minmax(0, 1fr);}}<\/style><div class=\"kb-row-layout-wrap kb-row-layout-id1714_991c65-e0 alignwide wp-block-kadence-rowlayout\"><div class=\"kt-row-column-wrap kt-has-1-columns kt-row-layout-equal kt-tab-layout-inherit kt-mobile-layout-row kt-row-valign-top kb-theme-content-width\">\n<style>.kadence-column1714_a2d65d-22 > .kt-inside-inner-col{padding-top:var(--global-kb-spacing-xl, 4rem);padding-right:var(--global-kb-spacing-xl, 4rem);padding-bottom:var(--global-kb-spacing-xl, 4rem);padding-left:var(--global-kb-spacing-xl, 4rem);}.kadence-column1714_a2d65d-22 > .kt-inside-inner-col,.kadence-column1714_a2d65d-22 > .kt-inside-inner-col:before{border-top-left-radius:0px;border-top-right-radius:0px;border-bottom-right-radius:0px;border-bottom-left-radius:0px;}.kadence-column1714_a2d65d-22 > .kt-inside-inner-col{column-gap:var(--global-kb-gap-sm, 1rem);}.kadence-column1714_a2d65d-22 > .kt-inside-inner-col{flex-direction:column;}.kadence-column1714_a2d65d-22 > .kt-inside-inner-col > .aligncenter{width:100%;}.kadence-column1714_a2d65d-22 > .kt-inside-inner-col{background-color:var(--global-palette9, #ffffff);}.kadence-column1714_a2d65d-22 > .kt-inside-inner-col:before{opacity:0.3;}.kadence-column1714_a2d65d-22{position:relative;}.kadence-column1714_a2d65d-22, .kt-inside-inner-col > .kadence-column1714_a2d65d-22:not(.specificity){margin-top:-120px;}@media all and (max-width: 1024px){.kadence-column1714_a2d65d-22 > .kt-inside-inner-col{padding-top:var(--global-kb-spacing-sm, 1.5rem);padding-right:var(--global-kb-spacing-sm, 1.5rem);padding-bottom:var(--global-kb-spacing-sm, 1.5rem);padding-left:var(--global-kb-spacing-sm, 1.5rem);flex-direction:column;justify-content:center;}}@media all and (max-width: 767px){.kadence-column1714_a2d65d-22 > .kt-inside-inner-col{padding-top:var(--global-kb-spacing-xs, 1rem);padding-right:var(--global-kb-spacing-xs, 1rem);padding-bottom:var(--global-kb-spacing-xs, 1rem);padding-left:var(--global-kb-spacing-xs, 1rem);flex-direction:column;justify-content:center;}}<\/style>\n<div class=\"wp-block-kadence-column kadence-column1714_a2d65d-22\"><div class=\"kt-inside-inner-col\"><style>.kb-row-layout-id1714_033f93-ed > .kt-row-column-wrap{align-content:start;}:where(.kb-row-layout-id1714_033f93-ed > .kt-row-column-wrap) > .wp-block-kadence-column{justify-content:start;}.kb-row-layout-id1714_033f93-ed > .kt-row-column-wrap{column-gap:var(--global-kb-gap-md, 2rem);row-gap:var(--global-kb-gap-md, 2rem);padding-top:var(--global-kb-spacing-sm, 1.5rem);padding-bottom:var(--global-kb-spacing-sm, 1.5rem);grid-template-columns:minmax(0, 1fr);}.kb-row-layout-id1714_033f93-ed > .kt-row-layout-overlay{opacity:0.30;}@media all and (max-width: 1024px){.kb-row-layout-id1714_033f93-ed > .kt-row-column-wrap{grid-template-columns:minmax(0, 1fr);}}@media all and (max-width: 767px){.kb-row-layout-id1714_033f93-ed > .kt-row-column-wrap{grid-template-columns:minmax(0, 1fr);}}<\/style><div class=\"kb-row-layout-wrap kb-row-layout-id1714_033f93-ed alignnone wp-block-kadence-rowlayout\"><div class=\"kt-row-column-wrap kt-has-2-columns kt-row-layout-row kt-tab-layout-inherit kt-mobile-layout-row kt-row-valign-top\">\n<style>.kadence-column1714_a8aa60-6f > .kt-inside-inner-col,.kadence-column1714_a8aa60-6f > .kt-inside-inner-col:before{border-top-left-radius:0px;border-top-right-radius:0px;border-bottom-right-radius:0px;border-bottom-left-radius:0px;}.kadence-column1714_a8aa60-6f > .kt-inside-inner-col{column-gap:var(--global-kb-gap-sm, 1rem);}.kadence-column1714_a8aa60-6f > .kt-inside-inner-col{flex-direction:column;}.kadence-column1714_a8aa60-6f > .kt-inside-inner-col > .aligncenter{width:100%;}.kadence-column1714_a8aa60-6f > .kt-inside-inner-col:before{opacity:0.3;}.kadence-column1714_a8aa60-6f{position:relative;}@media all and (max-width: 1024px){.kadence-column1714_a8aa60-6f > .kt-inside-inner-col{flex-direction:column;justify-content:center;}}@media all and (max-width: 767px){.kadence-column1714_a8aa60-6f > .kt-inside-inner-col{flex-direction:column;justify-content:center;}}<\/style>\n<div class=\"wp-block-kadence-column kadence-column1714_a8aa60-6f\"><div class=\"kt-inside-inner-col\"><style>.wp-block-kadence-advancedheading.kt-adv-heading1714_93a973-f3, .wp-block-kadence-advancedheading.kt-adv-heading1714_93a973-f3[data-kb-block=\"kb-adv-heading1714_93a973-f3\"]{font-style:normal;}.wp-block-kadence-advancedheading.kt-adv-heading1714_93a973-f3 mark.kt-highlight, .wp-block-kadence-advancedheading.kt-adv-heading1714_93a973-f3[data-kb-block=\"kb-adv-heading1714_93a973-f3\"] mark.kt-highlight{font-style:normal;color:#f76a0c;-webkit-box-decoration-break:clone;box-decoration-break:clone;padding-top:0px;padding-right:0px;padding-bottom:0px;padding-left:0px;}.wp-block-kadence-advancedheading.kt-adv-heading1714_93a973-f3 img.kb-inline-image, .wp-block-kadence-advancedheading.kt-adv-heading1714_93a973-f3[data-kb-block=\"kb-adv-heading1714_93a973-f3\"] img.kb-inline-image{width:150px;vertical-align:baseline;}@media all and (max-width: 1024px){.wp-block-kadence-advancedheading.kt-adv-heading1714_93a973-f3, .wp-block-kadence-advancedheading.kt-adv-heading1714_93a973-f3[data-kb-block=\"kb-adv-heading1714_93a973-f3\"]{font-size:35px;}}@media all and (max-width: 767px){.wp-block-kadence-advancedheading.kt-adv-heading1714_93a973-f3, .wp-block-kadence-advancedheading.kt-adv-heading1714_93a973-f3[data-kb-block=\"kb-adv-heading1714_93a973-f3\"]{font-size:28px;line-height:1.4;}}<\/style>\n<h2 class=\"kt-adv-heading1714_93a973-f3 wp-block-kadence-advancedheading has-theme-palette-2-color has-text-color\" data-kb-block=\"kb-adv-heading1714_93a973-f3\"><mark style=\"background-color:rgba(0, 0, 0, 0)\" class=\"has-inline-color has-theme-palette-1-color\">Rota Inteligente<\/mark>&nbsp;to Market Solution para a ind\u00fastria de bens de consumo<\/h2>\n<\/div><\/div>\n\n\n<style>.kadence-column1714_7afd10-bc > .kt-inside-inner-col,.kadence-column1714_7afd10-bc > .kt-inside-inner-col:before{border-top-left-radius:0px;border-top-right-radius:0px;border-bottom-right-radius:0px;border-bottom-left-radius:0px;}.kadence-column1714_7afd10-bc > .kt-inside-inner-col{column-gap:var(--global-kb-gap-sm, 1rem);}.kadence-column1714_7afd10-bc > .kt-inside-inner-col{flex-direction:column;}.kadence-column1714_7afd10-bc > .kt-inside-inner-col > .aligncenter{width:100%;}.kadence-column1714_7afd10-bc > .kt-inside-inner-col:before{opacity:0.3;}.kadence-column1714_7afd10-bc{position:relative;}@media all and (max-width: 1024px){.kadence-column1714_7afd10-bc > .kt-inside-inner-col{flex-direction:column;justify-content:center;}}@media all and (max-width: 767px){.kadence-column1714_7afd10-bc > .kt-inside-inner-col{flex-direction:column;justify-content:center;}}<\/style>\n<div class=\"wp-block-kadence-column kadence-column1714_7afd10-bc\"><div class=\"kt-inside-inner-col\"><style>.kb-row-layout-id1714_3f9fbd-6b > .kt-row-column-wrap{align-content:start;}:where(.kb-row-layout-id1714_3f9fbd-6b > .kt-row-column-wrap) > .wp-block-kadence-column{justify-content:start;}.kb-row-layout-id1714_3f9fbd-6b > .kt-row-column-wrap{column-gap:var(--global-kb-gap-md, 2rem);row-gap:var(--global-kb-gap-md, 2rem);padding-top:var(--global-kb-spacing-sm, 1.5rem);padding-bottom:var(--global-kb-spacing-sm, 1.5rem);grid-template-columns:repeat(2, minmax(0, 1fr));}.kb-row-layout-id1714_3f9fbd-6b > .kt-row-layout-overlay{opacity:0.30;}@media all and (max-width: 1024px){.kb-row-layout-id1714_3f9fbd-6b > .kt-row-column-wrap{grid-template-columns:repeat(2, minmax(0, 1fr));}}@media all and (max-width: 767px){.kb-row-layout-id1714_3f9fbd-6b > .kt-row-column-wrap{grid-template-columns:minmax(0, 1fr);}}<\/style><div class=\"kb-row-layout-wrap kb-row-layout-id1714_3f9fbd-6b alignnone wp-block-kadence-rowlayout\"><div class=\"kt-row-column-wrap kt-has-2-columns kt-row-layout-equal kt-tab-layout-inherit kt-mobile-layout-row kt-row-valign-top\">\n<style>#wrapper.site{overflow:clip;}.kadence-column1714_1f6a33-a5 > .kt-inside-inner-col,.kadence-column1714_1f6a33-a5 > .kt-inside-inner-col:before{border-top-left-radius:0px;border-top-right-radius:0px;border-bottom-right-radius:0px;border-bottom-left-radius:0px;}.kadence-column1714_1f6a33-a5 > .kt-inside-inner-col{column-gap:var(--global-kb-gap-sm, 1rem);}.kadence-column1714_1f6a33-a5 > .kt-inside-inner-col{flex-direction:column;}.kadence-column1714_1f6a33-a5 > .kt-inside-inner-col > .aligncenter{width:100%;}.kadence-column1714_1f6a33-a5 > .kt-inside-inner-col:before{opacity:0.3;}.kadence-column1714_1f6a33-a5{position:relative;}@media all and (max-width: 1024px){.kadence-column1714_1f6a33-a5 > .kt-inside-inner-col{flex-direction:column;justify-content:center;}}@media all and (max-width: 767px){.kadence-column1714_1f6a33-a5 > .kt-inside-inner-col{flex-direction:column;justify-content:center;}}<\/style>\n<div class=\"wp-block-kadence-column kadence-column1714_1f6a33-a5 kb-section-is-sticky\"><div class=\"kt-inside-inner-col\"><style>.wp-block-kadence-advancedheading.kt-adv-heading1714_6ea8e0-52, .wp-block-kadence-advancedheading.kt-adv-heading1714_6ea8e0-52[data-kb-block=\"kb-adv-heading1714_6ea8e0-52\"]{font-style:normal;}.wp-block-kadence-advancedheading.kt-adv-heading1714_6ea8e0-52 mark.kt-highlight, .wp-block-kadence-advancedheading.kt-adv-heading1714_6ea8e0-52[data-kb-block=\"kb-adv-heading1714_6ea8e0-52\"] mark.kt-highlight{font-style:normal;color:#f76a0c;-webkit-box-decoration-break:clone;box-decoration-break:clone;padding-top:0px;padding-right:0px;padding-bottom:0px;padding-left:0px;}.wp-block-kadence-advancedheading.kt-adv-heading1714_6ea8e0-52 img.kb-inline-image, .wp-block-kadence-advancedheading.kt-adv-heading1714_6ea8e0-52[data-kb-block=\"kb-adv-heading1714_6ea8e0-52\"] img.kb-inline-image{width:150px;vertical-align:baseline;}<\/style>\n<p class=\"kt-adv-heading1714_6ea8e0-52 wp-block-kadence-advancedheading\" data-kb-block=\"kb-adv-heading1714_6ea8e0-52\">Agende uma demonstra\u00e7\u00e3o com um de nossos especialistas para discutir as necessidades espec\u00edficas da sua empresa.<\/p>\n\n\n\n<hr class=\"wp-block-separator has-text-color has-theme-palette-8-color has-alpha-channel-opacity has-theme-palette-8-background-color has-background is-style-wide\"\/>\n\n\n<style>.wp-block-kadence-advancedheading.kt-adv-heading1714_2aeb1c-39, .wp-block-kadence-advancedheading.kt-adv-heading1714_2aeb1c-39[data-kb-block=\"kb-adv-heading1714_2aeb1c-39\"]{padding-top:var(--global-kb-spacing-sm, 1.5rem);font-style:normal;}.wp-block-kadence-advancedheading.kt-adv-heading1714_2aeb1c-39 mark.kt-highlight, .wp-block-kadence-advancedheading.kt-adv-heading1714_2aeb1c-39[data-kb-block=\"kb-adv-heading1714_2aeb1c-39\"] mark.kt-highlight{font-style:normal;color:#f76a0c;-webkit-box-decoration-break:clone;box-decoration-break:clone;padding-top:0px;padding-right:0px;padding-bottom:0px;padding-left:0px;}.wp-block-kadence-advancedheading.kt-adv-heading1714_2aeb1c-39 img.kb-inline-image, .wp-block-kadence-advancedheading.kt-adv-heading1714_2aeb1c-39[data-kb-block=\"kb-adv-heading1714_2aeb1c-39\"] img.kb-inline-image{width:150px;vertical-align:baseline;}<\/style>\n<p class=\"kt-adv-heading1714_2aeb1c-39 wp-block-kadence-advancedheading\" data-kb-block=\"kb-adv-heading1714_2aeb1c-39\">A Ivy Mobility \u00e9 pioneira na cria\u00e7\u00e3o de sistemas inteligentes, poderosos e altamente escal\u00e1veis de contabilidade de rotas, entrega direta na loja e execu\u00e7\u00e3o de varejo para o seu neg\u00f3cio. Se voc\u00ea possui um fluxo de processo exclusivo e precisa de uma solu\u00e7\u00e3o altamente configur\u00e1vel, n\u00f3s tamb\u00e9m oferecemos isso.<br>Fale com especialistas do setor para saber mais sobre todos os nossos produtos. Encontre as solu\u00e7\u00f5es perfeitas para expandir seus neg\u00f3cios e ajudar seus produtos a chegarem \u00e0s prateleiras com mais rapidez.<\/p>\n<\/div><\/div>\n\n\n<style>.kadence-column1714_acd7a8-18 > .kt-inside-inner-col,.kadence-column1714_acd7a8-18 > .kt-inside-inner-col:before{border-top-left-radius:0px;border-top-right-radius:0px;border-bottom-right-radius:0px;border-bottom-left-radius:0px;}.kadence-column1714_acd7a8-18 > .kt-inside-inner-col{column-gap:var(--global-kb-gap-sm, 1rem);}.kadence-column1714_acd7a8-18 > .kt-inside-inner-col{flex-direction:column;}.kadence-column1714_acd7a8-18 > .kt-inside-inner-col > .aligncenter{width:100%;}.kadence-column1714_acd7a8-18 > .kt-inside-inner-col:before{opacity:0.3;}.kadence-column1714_acd7a8-18{position:relative;}@media all and (max-width: 1024px){.kadence-column1714_acd7a8-18 > .kt-inside-inner-col{flex-direction:column;justify-content:center;}}@media all and (max-width: 767px){.kadence-column1714_acd7a8-18 > .kt-inside-inner-col{flex-direction:column;justify-content:center;}}<\/style>\n<div class=\"wp-block-kadence-column kadence-column1714_acd7a8-18 form-lay\"><div class=\"kt-inside-inner-col\">\n<!--[if lte IE 8]>\n<script charset=\"utf-8\" type=\"text\/javascript\" src=\"\/\/js.hsforms.net\/forms\/v2-legacy.js\"><\/script>\n<![endif]-->\n<script charset=\"utf-8\" type=\"text\/javascript\" src=\"\/\/js.hsforms.net\/forms\/v2.js\"><\/script>\n<script>\n  hbspt.forms.create({\n\tregion: \"na1\",\n\tportalId: \"2402663\",\n\tformId: \"b0867be1-a99a-4858-b2d1-a5761b665930\"\n});\n<\/script>\n<\/div><\/div>\n\n<\/div><\/div><\/div><\/div>\n\n<\/div><\/div><\/div><\/div>\n\n<\/div><\/div>","protected":false},"excerpt":{"rendered":"<p>Solicite uma demonstra\u00e7\u00e3o Solu\u00e7\u00e3o inteligente de rota para o mercado para a ind\u00fastria de bens de consumo Agende uma demonstra\u00e7\u00e3o com um de nossos especialistas para discutir as necessidades espec\u00edficas da sua empresa. A Ivy Mobility \u00e9 pioneira na cria\u00e7\u00e3o de sistemas de contabilidade de rota inteligentes, poderosos e altamente escal\u00e1veis, entrega direta na loja e execu\u00e7\u00e3o no varejo para o seu neg\u00f3cio. Se voc\u00ea tem um \u00fanico\u2026<\/p>","protected":false},"author":1,"featured_media":0,"parent":0,"menu_order":0,"comment_status":"closed","ping_status":"closed","template":"","meta":{"_acf_changed":false,"inline_featured_image":false,"_kad_blocks_custom_css":"","_kad_blocks_head_custom_js":"","_kad_blocks_body_custom_js":"","_kad_blocks_footer_custom_js":"","_kadence_starter_templates_imported_post":false,"_kad_post_transparent":"","_kad_post_title":"","_kad_post_layout":"","_kad_post_sidebar_id":"","_kad_post_content_style":"","_kad_post_vertical_padding":"","_kad_post_feature":"","_kad_post_feature_position":"","_kad_post_header":false,"_kad_post_footer":false,"footnotes":""},"class_list":["post-1714","page","type-page","status-publish","hentry"],"acf":[],"yoast_head":"<!-- This site is optimized with the Yoast SEO plugin v26.9 - https:\/\/yoast.com\/product\/yoast-seo-wordpress\/ -->\n<title>Request a Demo - Ivy Mobility<\/title>\n<meta name=\"robots\" content=\"index, follow, max-snippet:-1, max-image-preview:large, max-video-preview:-1\" \/>\n<link rel=\"canonical\" href=\"https:\/\/ivymobility.com\/pt\/request-demo\/\" \/>\n<meta property=\"og:locale\" content=\"pt_BR\" \/>\n<meta property=\"og:type\" content=\"article\" \/>\n<meta property=\"og:title\" content=\"Request a Demo - Ivy Mobility\" \/>\n<meta property=\"og:description\" content=\"Request a Demo Intelligent Route&nbsp;to Market Solution for the Consumer Goods Industry Schedule a demo with one of our specialists to discuss your company\u2019s specific needs. Ivy Mobility is a pioneer in creating smart, powerful, and highly scalable Route Accounting Systems, Direct Store Delivery, and Retail Execution for your business. If you have a unique...\" \/>\n<meta property=\"og:url\" content=\"https:\/\/ivymobility.com\/pt\/request-demo\/\" \/>\n<meta property=\"og:site_name\" content=\"Ivy Mobility\" \/>\n<meta property=\"article:modified_time\" content=\"2024-06-10T05:31:04+00:00\" \/>\n<meta name=\"twitter:card\" content=\"summary_large_image\" \/>\n<meta name=\"twitter:label1\" content=\"Est. tempo de leitura\" \/>\n\t<meta name=\"twitter:data1\" content=\"1 minuto\" \/>\n<script type=\"application\/ld+json\" class=\"yoast-schema-graph\">{\"@context\":\"https:\/\/schema.org\",\"@graph\":[{\"@type\":\"WebPage\",\"@id\":\"https:\/\/ivymobility.com\/en_gb\/request-demo\/\",\"url\":\"https:\/\/ivymobility.com\/en_gb\/request-demo\/\",\"name\":\"Request a Demo - Ivy Mobility\",\"isPartOf\":{\"@id\":\"https:\/\/ivymobility.com\/#website\"},\"datePublished\":\"2021-12-28T13:58:44+00:00\",\"dateModified\":\"2024-06-10T05:31:04+00:00\",\"breadcrumb\":{\"@id\":\"https:\/\/ivymobility.com\/en_gb\/request-demo\/#breadcrumb\"},\"inLanguage\":\"pt-BR\",\"potentialAction\":[{\"@type\":\"ReadAction\",\"target\":[\"https:\/\/ivymobility.com\/en_gb\/request-demo\/\"]}]},{\"@type\":\"BreadcrumbList\",\"@id\":\"https:\/\/ivymobility.com\/en_gb\/request-demo\/#breadcrumb\",\"itemListElement\":[{\"@type\":\"ListItem\",\"position\":1,\"name\":\"Home\",\"item\":\"https:\/\/ivymobility.com\/\"},{\"@type\":\"ListItem\",\"position\":2,\"name\":\"Request a Demo\"}]},{\"@type\":\"WebSite\",\"@id\":\"https:\/\/ivymobility.com\/#website\",\"url\":\"https:\/\/ivymobility.com\/\",\"name\":\"Ivy Mobility\",\"description\":\"| Intelligent Route to Market Solution for the Consumer Goods Industry\",\"publisher\":{\"@id\":\"https:\/\/ivymobility.com\/#organization\"},\"potentialAction\":[{\"@type\":\"SearchAction\",\"target\":{\"@type\":\"EntryPoint\",\"urlTemplate\":\"https:\/\/ivymobility.com\/?s={search_term_string}\"},\"query-input\":{\"@type\":\"PropertyValueSpecification\",\"valueRequired\":true,\"valueName\":\"search_term_string\"}}],\"inLanguage\":\"pt-BR\"},{\"@type\":\"Organization\",\"@id\":\"https:\/\/ivymobility.com\/#organization\",\"name\":\"Ivy Mobility\",\"url\":\"https:\/\/ivymobility.com\/\",\"logo\":{\"@type\":\"ImageObject\",\"inLanguage\":\"pt-BR\",\"@id\":\"https:\/\/ivymobility.com\/#\/schema\/logo\/image\/\",\"url\":\"https:\/\/ivymobility.com\/wp-content\/uploads\/2022\/01\/Ivy-Logo-1.png\",\"contentUrl\":\"https:\/\/ivymobility.com\/wp-content\/uploads\/2022\/01\/Ivy-Logo-1.png\",\"width\":500,\"height\":167,\"caption\":\"Ivy Mobility\"},\"image\":{\"@id\":\"https:\/\/ivymobility.com\/#\/schema\/logo\/image\/\"}}]}<\/script>\n<!-- \/ Yoast SEO plugin. -->","yoast_head_json":{"title":"Solicite uma demonstra\u00e7\u00e3o - Ivy Mobility","robots":{"index":"index","follow":"follow","max-snippet":"max-snippet:-1","max-image-preview":"max-image-preview:large","max-video-preview":"max-video-preview:-1"},"canonical":"https:\/\/ivymobility.com\/pt\/request-demo\/","og_locale":"pt_BR","og_type":"article","og_title":"Request a Demo - Ivy Mobility","og_description":"Request a Demo Intelligent Route&nbsp;to Market Solution for the Consumer Goods Industry Schedule a demo with one of our specialists to discuss your company\u2019s specific needs. Ivy Mobility is a pioneer in creating smart, powerful, and highly scalable Route Accounting Systems, Direct Store Delivery, and Retail Execution for your business. If you have a unique...","og_url":"https:\/\/ivymobility.com\/pt\/request-demo\/","og_site_name":"Ivy Mobility","article_modified_time":"2024-06-10T05:31:04+00:00","twitter_card":"summary_large_image","twitter_misc":{"Est. tempo de leitura":"1 minuto"},"schema":{"@context":"https:\/\/schema.org","@graph":[{"@type":"WebPage","@id":"https:\/\/ivymobility.com\/en_gb\/request-demo\/","url":"https:\/\/ivymobility.com\/en_gb\/request-demo\/","name":"Solicite uma demonstra\u00e7\u00e3o - Ivy Mobility","isPartOf":{"@id":"https:\/\/ivymobility.com\/#website"},"datePublished":"2021-12-28T13:58:44+00:00","dateModified":"2024-06-10T05:31:04+00:00","breadcrumb":{"@id":"https:\/\/ivymobility.com\/en_gb\/request-demo\/#breadcrumb"},"inLanguage":"pt-BR","potentialAction":[{"@type":"ReadAction","target":["https:\/\/ivymobility.com\/en_gb\/request-demo\/"]}]},{"@type":"BreadcrumbList","@id":"https:\/\/ivymobility.com\/en_gb\/request-demo\/#breadcrumb","itemListElement":[{"@type":"ListItem","position":1,"name":"Home","item":"https:\/\/ivymobility.com\/"},{"@type":"ListItem","position":2,"name":"Request a Demo"}]},{"@type":"WebSite","@id":"https:\/\/ivymobility.com\/#website","url":"https:\/\/ivymobility.com\/","name":"Mobilidade Ivy","description":"| Solu\u00e7\u00e3o inteligente de rota para o mercado para a ind\u00fastria de bens de consumo","publisher":{"@id":"https:\/\/ivymobility.com\/#organization"},"potentialAction":[{"@type":"SearchAction","target":{"@type":"EntryPoint","urlTemplate":"https:\/\/ivymobility.com\/?s={search_term_string}"},"query-input":{"@type":"PropertyValueSpecification","valueRequired":true,"valueName":"search_term_string"}}],"inLanguage":"pt-BR"},{"@type":"Organization","@id":"https:\/\/ivymobility.com\/#organization","name":"Mobilidade Ivy","url":"https:\/\/ivymobility.com\/","logo":{"@type":"ImageObject","inLanguage":"pt-BR","@id":"https:\/\/ivymobility.com\/#\/schema\/logo\/image\/","url":"https:\/\/ivymobility.com\/wp-content\/uploads\/2022\/01\/Ivy-Logo-1.png","contentUrl":"https:\/\/ivymobility.com\/wp-content\/uploads\/2022\/01\/Ivy-Logo-1.png","width":500,"height":167,"caption":"Ivy Mobility"},"image":{"@id":"https:\/\/ivymobility.com\/#\/schema\/logo\/image\/"}}]}},"taxonomy_info":[],"featured_image_src_large":false,"author_info":{"display_name":"sitemanager","author_link":"https:\/\/ivymobility.com\/pt\/author\/sitemanager\/"},"comment_info":0,"_links":{"self":[{"href":"https:\/\/ivymobility.com\/pt\/wp-json\/wp\/v2\/pages\/1714","targetHints":{"allow":["GET"]}}],"collection":[{"href":"https:\/\/ivymobility.com\/pt\/wp-json\/wp\/v2\/pages"}],"about":[{"href":"https:\/\/ivymobility.com\/pt\/wp-json\/wp\/v2\/types\/page"}],"author":[{"embeddable":true,"href":"https:\/\/ivymobility.com\/pt\/wp-json\/wp\/v2\/users\/1"}],"replies":[{"embeddable":true,"href":"https:\/\/ivymobility.com\/pt\/wp-json\/wp\/v2\/comments?post=1714"}],"version-history":[{"count":13,"href":"https:\/\/ivymobility.com\/pt\/wp-json\/wp\/v2\/pages\/1714\/revisions"}],"predecessor-version":[{"id":12668,"href":"https:\/\/ivymobility.com\/pt\/wp-json\/wp\/v2\/pages\/1714\/revisions\/12668"}],"wp:attachment":[{"href":"https:\/\/ivymobility.com\/pt\/wp-json\/wp\/v2\/media?parent=1714"}],"curies":[{"name":"wp","href":"https:\/\/api.w.org\/{rel}","templated":true}]}}