{"id":9840,"date":"2023-02-02T11:19:59","date_gmt":"2023-02-02T11:19:59","guid":{"rendered":"https:\/\/ivymobility.com\/?page_id=9840"},"modified":"2024-08-08T11:21:03","modified_gmt":"2024-08-08T11:21:03","slug":"van-sales-webinar-video","status":"publish","type":"page","link":"https:\/\/ivymobility.com\/fr\/van-sales-webinar-video\/","title":{"rendered":"Vid\u00e9o du webinaire sur les ventes de fourgonnettes"},"content":{"rendered":"<style>.kb-row-layout-id9840_004d42-57 > .kt-row-column-wrap{align-content:start;}:where(.kb-row-layout-id9840_004d42-57 > .kt-row-column-wrap) > .wp-block-kadence-column{justify-content:start;}.kb-row-layout-id9840_004d42-57 > .kt-row-column-wrap{column-gap:var(--global-kb-gap-md, 2rem);row-gap:var(--global-kb-gap-md, 2rem);max-width:var( --global-content-width, 1290px );padding-left:var(--global-content-edge-padding);padding-right:var(--global-content-edge-padding);padding-top:var(--global-kb-spacing-sm, 1.5rem);padding-bottom:var(--global-kb-spacing-sm, 1.5rem);grid-template-columns:minmax(0, 1fr);}.kb-row-layout-id9840_004d42-57 > .kt-row-layout-overlay{opacity:0.30;}@media all and (max-width: 1024px){.kb-row-layout-id9840_004d42-57 > .kt-row-column-wrap{grid-template-columns:minmax(0, 1fr);}}@media all and (max-width: 767px){.kb-row-layout-id9840_004d42-57 > .kt-row-column-wrap{grid-template-columns:minmax(0, 1fr);}}<\/style><div class=\"kb-row-layout-wrap kb-row-layout-id9840_004d42-57 alignnone wp-block-kadence-rowlayout\"><div class=\"kt-row-column-wrap kt-has-1-columns kt-row-layout-equal kt-tab-layout-inherit kt-mobile-layout-row kt-row-valign-top kb-theme-content-width\">\n<style>.kadence-column9840_6f4708-95 > .kt-inside-inner-col,.kadence-column9840_6f4708-95 > .kt-inside-inner-col:before{border-top-left-radius:0px;border-top-right-radius:0px;border-bottom-right-radius:0px;border-bottom-left-radius:0px;}.kadence-column9840_6f4708-95 > .kt-inside-inner-col{column-gap:var(--global-kb-gap-sm, 1rem);}.kadence-column9840_6f4708-95 > .kt-inside-inner-col{flex-direction:column;}.kadence-column9840_6f4708-95 > .kt-inside-inner-col > .aligncenter{width:100%;}.kadence-column9840_6f4708-95 > .kt-inside-inner-col:before{opacity:0.3;}.kadence-column9840_6f4708-95{position:relative;}@media all and (max-width: 1024px){.kadence-column9840_6f4708-95 > .kt-inside-inner-col{flex-direction:column;justify-content:center;}}@media all and (max-width: 767px){.kadence-column9840_6f4708-95 > .kt-inside-inner-col{flex-direction:column;justify-content:center;}}<\/style>\n<div class=\"wp-block-kadence-column kadence-column9840_6f4708-95\"><div class=\"kt-inside-inner-col\">\n<figure class=\"wp-block-embed is-type-rich is-provider-embed-handler wp-block-embed-embed-handler wp-embed-aspect-16-9 wp-has-aspect-ratio\"><div class=\"wp-block-embed__wrapper\">\n<iframe loading=\"lazy\" title=\"Alimenter les op\u00e9rations de distribution DSD avec le logiciel de vente Ivy Van\" width=\"720\" height=\"405\" src=\"https:\/\/www.youtube.com\/embed\/mLdnIqOHBoE?feature=oembed\" frameborder=\"0\" allow=\"accelerometer; autoplay; clipboard-write; encrypted-media; gyroscope; picture-in-picture; web-share\" referrerpolicy=\"strict-origin-when-cross-origin\" allowfullscreen><\/iframe>\n<\/div><\/figure>\n<\/div><\/div>\n\n<\/div><\/div>","protected":false},"excerpt":{"rendered":"","protected":false},"author":1,"featured_media":0,"parent":0,"menu_order":0,"comment_status":"closed","ping_status":"closed","template":"","meta":{"_acf_changed":false,"inline_featured_image":false,"_kad_blocks_custom_css":"","_kad_blocks_head_custom_js":"","_kad_blocks_body_custom_js":"","_kad_blocks_footer_custom_js":"","_kadence_starter_templates_imported_post":false,"_kad_post_transparent":"","_kad_post_title":"","_kad_post_layout":"","_kad_post_sidebar_id":"","_kad_post_content_style":"","_kad_post_vertical_padding":"","_kad_post_feature":"","_kad_post_feature_position":"","_kad_post_header":false,"_kad_post_footer":false,"footnotes":""},"class_list":["post-9840","page","type-page","status-publish","hentry"],"acf":[],"yoast_head":"<!-- This site is optimized with the Yoast SEO plugin v26.9 - https:\/\/yoast.com\/product\/yoast-seo-wordpress\/ -->\n<title>Van Sales Webinar Video - Ivy Mobility<\/title>\n<meta name=\"robots\" content=\"index, follow, max-snippet:-1, max-image-preview:large, max-video-preview:-1\" \/>\n<link rel=\"canonical\" href=\"https:\/\/ivymobility.com\/fr\/van-sales-webinar-video\/\" \/>\n<meta property=\"og:locale\" content=\"fr_FR\" \/>\n<meta property=\"og:type\" content=\"article\" \/>\n<meta property=\"og:title\" content=\"Van Sales Webinar Video - Ivy Mobility\" \/>\n<meta property=\"og:url\" content=\"https:\/\/ivymobility.com\/fr\/van-sales-webinar-video\/\" \/>\n<meta property=\"og:site_name\" content=\"Ivy Mobility\" \/>\n<meta property=\"article:modified_time\" content=\"2024-08-08T11:21:03+00:00\" \/>\n<meta name=\"twitter:card\" content=\"summary_large_image\" \/>\n<meta name=\"twitter:label1\" content=\"Dur\u00e9e de lecture estim\u00e9e\" \/>\n\t<meta name=\"twitter:data1\" content=\"1 minute\" \/>\n<script type=\"application\/ld+json\" class=\"yoast-schema-graph\">{\"@context\":\"https:\/\/schema.org\",\"@graph\":[{\"@type\":\"WebPage\",\"@id\":\"https:\/\/ivymobility.com\/van-sales-webinar-video\/\",\"url\":\"https:\/\/ivymobility.com\/van-sales-webinar-video\/\",\"name\":\"Van Sales Webinar Video - Ivy Mobility\",\"isPartOf\":{\"@id\":\"https:\/\/ivymobility.com\/#website\"},\"datePublished\":\"2023-02-02T11:19:59+00:00\",\"dateModified\":\"2024-08-08T11:21:03+00:00\",\"breadcrumb\":{\"@id\":\"https:\/\/ivymobility.com\/van-sales-webinar-video\/#breadcrumb\"},\"inLanguage\":\"fr-FR\",\"potentialAction\":[{\"@type\":\"ReadAction\",\"target\":[\"https:\/\/ivymobility.com\/van-sales-webinar-video\/\"]}]},{\"@type\":\"BreadcrumbList\",\"@id\":\"https:\/\/ivymobility.com\/van-sales-webinar-video\/#breadcrumb\",\"itemListElement\":[{\"@type\":\"ListItem\",\"position\":1,\"name\":\"Home\",\"item\":\"https:\/\/ivymobility.com\/\"},{\"@type\":\"ListItem\",\"position\":2,\"name\":\"Van Sales Webinar Video\"}]},{\"@type\":\"WebSite\",\"@id\":\"https:\/\/ivymobility.com\/#website\",\"url\":\"https:\/\/ivymobility.com\/\",\"name\":\"Ivy Mobility\",\"description\":\"| Intelligent Route to Market Solution for the Consumer Goods Industry\",\"publisher\":{\"@id\":\"https:\/\/ivymobility.com\/#organization\"},\"potentialAction\":[{\"@type\":\"SearchAction\",\"target\":{\"@type\":\"EntryPoint\",\"urlTemplate\":\"https:\/\/ivymobility.com\/?s={search_term_string}\"},\"query-input\":{\"@type\":\"PropertyValueSpecification\",\"valueRequired\":true,\"valueName\":\"search_term_string\"}}],\"inLanguage\":\"fr-FR\"},{\"@type\":\"Organization\",\"@id\":\"https:\/\/ivymobility.com\/#organization\",\"name\":\"Ivy Mobility\",\"url\":\"https:\/\/ivymobility.com\/\",\"logo\":{\"@type\":\"ImageObject\",\"inLanguage\":\"fr-FR\",\"@id\":\"https:\/\/ivymobility.com\/#\/schema\/logo\/image\/\",\"url\":\"https:\/\/ivymobility.com\/wp-content\/uploads\/2022\/01\/Ivy-Logo-1.png\",\"contentUrl\":\"https:\/\/ivymobility.com\/wp-content\/uploads\/2022\/01\/Ivy-Logo-1.png\",\"width\":500,\"height\":167,\"caption\":\"Ivy Mobility\"},\"image\":{\"@id\":\"https:\/\/ivymobility.com\/#\/schema\/logo\/image\/\"}}]}<\/script>\n<!-- \/ Yoast SEO plugin. -->","yoast_head_json":{"title":"Vid\u00e9o du webinaire sur les ventes de fourgonnettes - Ivy Mobility","robots":{"index":"index","follow":"follow","max-snippet":"max-snippet:-1","max-image-preview":"max-image-preview:large","max-video-preview":"max-video-preview:-1"},"canonical":"https:\/\/ivymobility.com\/fr\/van-sales-webinar-video\/","og_locale":"fr_FR","og_type":"article","og_title":"Van Sales Webinar Video - Ivy Mobility","og_url":"https:\/\/ivymobility.com\/fr\/van-sales-webinar-video\/","og_site_name":"Ivy Mobility","article_modified_time":"2024-08-08T11:21:03+00:00","twitter_card":"summary_large_image","twitter_misc":{"Dur\u00e9e de lecture estim\u00e9e":"1 minute"},"schema":{"@context":"https:\/\/schema.org","@graph":[{"@type":"WebPage","@id":"https:\/\/ivymobility.com\/van-sales-webinar-video\/","url":"https:\/\/ivymobility.com\/van-sales-webinar-video\/","name":"Vid\u00e9o du webinaire sur les ventes de fourgonnettes - Ivy Mobility","isPartOf":{"@id":"https:\/\/ivymobility.com\/#website"},"datePublished":"2023-02-02T11:19:59+00:00","dateModified":"2024-08-08T11:21:03+00:00","breadcrumb":{"@id":"https:\/\/ivymobility.com\/van-sales-webinar-video\/#breadcrumb"},"inLanguage":"fr-FR","potentialAction":[{"@type":"ReadAction","target":["https:\/\/ivymobility.com\/van-sales-webinar-video\/"]}]},{"@type":"BreadcrumbList","@id":"https:\/\/ivymobility.com\/van-sales-webinar-video\/#breadcrumb","itemListElement":[{"@type":"ListItem","position":1,"name":"Home","item":"https:\/\/ivymobility.com\/"},{"@type":"ListItem","position":2,"name":"Van Sales Webinar Video"}]},{"@type":"WebSite","@id":"https:\/\/ivymobility.com\/#website","url":"https:\/\/ivymobility.com\/","name":"Mobilit\u00e9 de lierre","description":"| Solution d&#039;acc\u00e8s intelligent au march\u00e9 pour l&#039;industrie des biens de consommation","publisher":{"@id":"https:\/\/ivymobility.com\/#organization"},"potentialAction":[{"@type":"SearchAction","target":{"@type":"EntryPoint","urlTemplate":"https:\/\/ivymobility.com\/?s={search_term_string}"},"query-input":{"@type":"PropertyValueSpecification","valueRequired":true,"valueName":"search_term_string"}}],"inLanguage":"fr-FR"},{"@type":"Organization","@id":"https:\/\/ivymobility.com\/#organization","name":"Mobilit\u00e9 de lierre","url":"https:\/\/ivymobility.com\/","logo":{"@type":"ImageObject","inLanguage":"fr-FR","@id":"https:\/\/ivymobility.com\/#\/schema\/logo\/image\/","url":"https:\/\/ivymobility.com\/wp-content\/uploads\/2022\/01\/Ivy-Logo-1.png","contentUrl":"https:\/\/ivymobility.com\/wp-content\/uploads\/2022\/01\/Ivy-Logo-1.png","width":500,"height":167,"caption":"Ivy Mobility"},"image":{"@id":"https:\/\/ivymobility.com\/#\/schema\/logo\/image\/"}}]}},"taxonomy_info":[],"featured_image_src_large":false,"author_info":{"display_name":"sitemanager","author_link":"https:\/\/ivymobility.com\/fr\/author\/sitemanager\/"},"comment_info":0,"_links":{"self":[{"href":"https:\/\/ivymobility.com\/fr\/wp-json\/wp\/v2\/pages\/9840","targetHints":{"allow":["GET"]}}],"collection":[{"href":"https:\/\/ivymobility.com\/fr\/wp-json\/wp\/v2\/pages"}],"about":[{"href":"https:\/\/ivymobility.com\/fr\/wp-json\/wp\/v2\/types\/page"}],"author":[{"embeddable":true,"href":"https:\/\/ivymobility.com\/fr\/wp-json\/wp\/v2\/users\/1"}],"replies":[{"embeddable":true,"href":"https:\/\/ivymobility.com\/fr\/wp-json\/wp\/v2\/comments?post=9840"}],"version-history":[{"count":1,"href":"https:\/\/ivymobility.com\/fr\/wp-json\/wp\/v2\/pages\/9840\/revisions"}],"predecessor-version":[{"id":13495,"href":"https:\/\/ivymobility.com\/fr\/wp-json\/wp\/v2\/pages\/9840\/revisions\/13495"}],"wp:attachment":[{"href":"https:\/\/ivymobility.com\/fr\/wp-json\/wp\/v2\/media?parent=9840"}],"curies":[{"name":"wp","href":"https:\/\/api.w.org\/{rel}","templated":true}]}}