{"id":9819,"date":"2023-02-01T08:25:12","date_gmt":"2023-02-01T08:25:12","guid":{"rendered":"https:\/\/ivymobility.com\/?page_id=9819"},"modified":"2023-02-01T08:25:12","modified_gmt":"2023-02-01T08:25:12","slug":"ebook-van-sales-software-for-2023","status":"publish","type":"page","link":"https:\/\/ivymobility.com\/fr\/ebook-van-sales-software-for-2023\/","title":{"rendered":"Logiciel de vente de fourgonnettes pour 2023 | Mobilit\u00e9 de lierre"},"content":{"rendered":"","protected":false},"excerpt":{"rendered":"","protected":false},"author":1,"featured_media":0,"parent":0,"menu_order":0,"comment_status":"closed","ping_status":"closed","template":"page-templates\/default-flexible-content.php","meta":{"_acf_changed":false,"inline_featured_image":false,"_kad_blocks_custom_css":"","_kad_blocks_head_custom_js":"","_kad_blocks_body_custom_js":"","_kad_blocks_footer_custom_js":"","_kadence_starter_templates_imported_post":false,"_kad_post_transparent":"","_kad_post_title":"","_kad_post_layout":"","_kad_post_sidebar_id":"","_kad_post_content_style":"","_kad_post_vertical_padding":"","_kad_post_feature":"","_kad_post_feature_position":"","_kad_post_header":false,"_kad_post_footer":false,"footnotes":""},"class_list":["post-9819","page","type-page","status-publish","hentry"],"acf":[],"yoast_head":"<!-- This site is optimized with the Yoast SEO plugin v26.9 - https:\/\/yoast.com\/product\/yoast-seo-wordpress\/ -->\n<title>eBook Van Sales Software By Ivy Mobility<\/title>\n<meta name=\"description\" content=\"Learn all about van sales software and how it helps CPG companies ace DSD Operations in the market to beat competition. It reduces the time between production to shelf.\" \/>\n<meta name=\"robots\" content=\"index, follow, max-snippet:-1, max-image-preview:large, max-video-preview:-1\" \/>\n<link rel=\"canonical\" href=\"https:\/\/ivymobility.com\/fr\/ebook-van-sales-software-for-2023\/\" \/>\n<meta property=\"og:locale\" content=\"fr_FR\" \/>\n<meta property=\"og:type\" content=\"article\" \/>\n<meta property=\"og:title\" content=\"eBook Van Sales Software By Ivy Mobility\" \/>\n<meta property=\"og:description\" content=\"Learn all about van sales software and how it helps CPG companies ace DSD Operations in the market to beat competition. It reduces the time between production to shelf.\" \/>\n<meta property=\"og:url\" content=\"https:\/\/ivymobility.com\/fr\/ebook-van-sales-software-for-2023\/\" \/>\n<meta property=\"og:site_name\" content=\"Ivy Mobility\" \/>\n<meta name=\"twitter:card\" content=\"summary_large_image\" \/>\n<script type=\"application\/ld+json\" class=\"yoast-schema-graph\">{\"@context\":\"https:\/\/schema.org\",\"@graph\":[{\"@type\":\"WebPage\",\"@id\":\"https:\/\/ivymobility.com\/ebook-van-sales-software-for-2023\/\",\"url\":\"https:\/\/ivymobility.com\/ebook-van-sales-software-for-2023\/\",\"name\":\"eBook Van Sales Software By Ivy Mobility\",\"isPartOf\":{\"@id\":\"https:\/\/ivymobility.com\/#website\"},\"datePublished\":\"2023-02-01T08:25:12+00:00\",\"description\":\"Learn all about van sales software and how it helps CPG companies ace DSD Operations in the market to beat competition. It reduces the time between production to shelf.\",\"breadcrumb\":{\"@id\":\"https:\/\/ivymobility.com\/ebook-van-sales-software-for-2023\/#breadcrumb\"},\"inLanguage\":\"fr-FR\",\"potentialAction\":[{\"@type\":\"ReadAction\",\"target\":[\"https:\/\/ivymobility.com\/ebook-van-sales-software-for-2023\/\"]}]},{\"@type\":\"BreadcrumbList\",\"@id\":\"https:\/\/ivymobility.com\/ebook-van-sales-software-for-2023\/#breadcrumb\",\"itemListElement\":[{\"@type\":\"ListItem\",\"position\":1,\"name\":\"Home\",\"item\":\"https:\/\/ivymobility.com\/\"},{\"@type\":\"ListItem\",\"position\":2,\"name\":\"Van Sales Software for 2023| Ivy Mobility\"}]},{\"@type\":\"WebSite\",\"@id\":\"https:\/\/ivymobility.com\/#website\",\"url\":\"https:\/\/ivymobility.com\/\",\"name\":\"Ivy Mobility\",\"description\":\"| Intelligent Route to Market Solution for the Consumer Goods Industry\",\"publisher\":{\"@id\":\"https:\/\/ivymobility.com\/#organization\"},\"potentialAction\":[{\"@type\":\"SearchAction\",\"target\":{\"@type\":\"EntryPoint\",\"urlTemplate\":\"https:\/\/ivymobility.com\/?s={search_term_string}\"},\"query-input\":{\"@type\":\"PropertyValueSpecification\",\"valueRequired\":true,\"valueName\":\"search_term_string\"}}],\"inLanguage\":\"fr-FR\"},{\"@type\":\"Organization\",\"@id\":\"https:\/\/ivymobility.com\/#organization\",\"name\":\"Ivy Mobility\",\"url\":\"https:\/\/ivymobility.com\/\",\"logo\":{\"@type\":\"ImageObject\",\"inLanguage\":\"fr-FR\",\"@id\":\"https:\/\/ivymobility.com\/#\/schema\/logo\/image\/\",\"url\":\"https:\/\/ivymobility.com\/wp-content\/uploads\/2022\/01\/Ivy-Logo-1.png\",\"contentUrl\":\"https:\/\/ivymobility.com\/wp-content\/uploads\/2022\/01\/Ivy-Logo-1.png\",\"width\":500,\"height\":167,\"caption\":\"Ivy Mobility\"},\"image\":{\"@id\":\"https:\/\/ivymobility.com\/#\/schema\/logo\/image\/\"}}]}<\/script>\n<!-- \/ Yoast SEO plugin. -->","yoast_head_json":{"title":"Logiciel de vente de fourgonnettes de livres \u00e9lectroniques par Ivy Mobility","description":"Apprenez tout sur les logiciels de vente de camionnettes et comment ils aident les entreprises de CPG \u00e0 r\u00e9ussir leurs op\u00e9rations DSD sur le march\u00e9 et \u00e0 battre la concurrence. Cela r\u00e9duit le temps entre la production et la conservation.","robots":{"index":"index","follow":"follow","max-snippet":"max-snippet:-1","max-image-preview":"max-image-preview:large","max-video-preview":"max-video-preview:-1"},"canonical":"https:\/\/ivymobility.com\/fr\/ebook-van-sales-software-for-2023\/","og_locale":"fr_FR","og_type":"article","og_title":"eBook Van Sales Software By Ivy Mobility","og_description":"Learn all about van sales software and how it helps CPG companies ace DSD Operations in the market to beat competition. It reduces the time between production to shelf.","og_url":"https:\/\/ivymobility.com\/fr\/ebook-van-sales-software-for-2023\/","og_site_name":"Ivy Mobility","twitter_card":"summary_large_image","schema":{"@context":"https:\/\/schema.org","@graph":[{"@type":"WebPage","@id":"https:\/\/ivymobility.com\/ebook-van-sales-software-for-2023\/","url":"https:\/\/ivymobility.com\/ebook-van-sales-software-for-2023\/","name":"Logiciel de vente de fourgonnettes de livres \u00e9lectroniques par Ivy Mobility","isPartOf":{"@id":"https:\/\/ivymobility.com\/#website"},"datePublished":"2023-02-01T08:25:12+00:00","description":"Apprenez tout sur les logiciels de vente de camionnettes et comment ils aident les entreprises de CPG \u00e0 r\u00e9ussir leurs op\u00e9rations DSD sur le march\u00e9 et \u00e0 battre la concurrence. Cela r\u00e9duit le temps entre la production et la conservation.","breadcrumb":{"@id":"https:\/\/ivymobility.com\/ebook-van-sales-software-for-2023\/#breadcrumb"},"inLanguage":"fr-FR","potentialAction":[{"@type":"ReadAction","target":["https:\/\/ivymobility.com\/ebook-van-sales-software-for-2023\/"]}]},{"@type":"BreadcrumbList","@id":"https:\/\/ivymobility.com\/ebook-van-sales-software-for-2023\/#breadcrumb","itemListElement":[{"@type":"ListItem","position":1,"name":"Home","item":"https:\/\/ivymobility.com\/"},{"@type":"ListItem","position":2,"name":"Van Sales Software for 2023| Ivy Mobility"}]},{"@type":"WebSite","@id":"https:\/\/ivymobility.com\/#website","url":"https:\/\/ivymobility.com\/","name":"Mobilit\u00e9 de lierre","description":"| Solution d&#039;acc\u00e8s intelligent au march\u00e9 pour l&#039;industrie des biens de consommation","publisher":{"@id":"https:\/\/ivymobility.com\/#organization"},"potentialAction":[{"@type":"SearchAction","target":{"@type":"EntryPoint","urlTemplate":"https:\/\/ivymobility.com\/?s={search_term_string}"},"query-input":{"@type":"PropertyValueSpecification","valueRequired":true,"valueName":"search_term_string"}}],"inLanguage":"fr-FR"},{"@type":"Organization","@id":"https:\/\/ivymobility.com\/#organization","name":"Mobilit\u00e9 de lierre","url":"https:\/\/ivymobility.com\/","logo":{"@type":"ImageObject","inLanguage":"fr-FR","@id":"https:\/\/ivymobility.com\/#\/schema\/logo\/image\/","url":"https:\/\/ivymobility.com\/wp-content\/uploads\/2022\/01\/Ivy-Logo-1.png","contentUrl":"https:\/\/ivymobility.com\/wp-content\/uploads\/2022\/01\/Ivy-Logo-1.png","width":500,"height":167,"caption":"Ivy Mobility"},"image":{"@id":"https:\/\/ivymobility.com\/#\/schema\/logo\/image\/"}}]}},"taxonomy_info":[],"featured_image_src_large":false,"author_info":{"display_name":"sitemanager","author_link":"https:\/\/ivymobility.com\/fr\/author\/sitemanager\/"},"comment_info":0,"_links":{"self":[{"href":"https:\/\/ivymobility.com\/fr\/wp-json\/wp\/v2\/pages\/9819","targetHints":{"allow":["GET"]}}],"collection":[{"href":"https:\/\/ivymobility.com\/fr\/wp-json\/wp\/v2\/pages"}],"about":[{"href":"https:\/\/ivymobility.com\/fr\/wp-json\/wp\/v2\/types\/page"}],"author":[{"embeddable":true,"href":"https:\/\/ivymobility.com\/fr\/wp-json\/wp\/v2\/users\/1"}],"replies":[{"embeddable":true,"href":"https:\/\/ivymobility.com\/fr\/wp-json\/wp\/v2\/comments?post=9819"}],"version-history":[{"count":0,"href":"https:\/\/ivymobility.com\/fr\/wp-json\/wp\/v2\/pages\/9819\/revisions"}],"wp:attachment":[{"href":"https:\/\/ivymobility.com\/fr\/wp-json\/wp\/v2\/media?parent=9819"}],"curies":[{"name":"wp","href":"https:\/\/api.w.org\/{rel}","templated":true}]}}