{"id":9574,"date":"2023-01-09T06:53:56","date_gmt":"2023-01-09T06:53:56","guid":{"rendered":"https:\/\/ivymobility.com\/?page_id=9574"},"modified":"2023-01-09T06:53:56","modified_gmt":"2023-01-09T06:53:56","slug":"van-sales-software-consumer-goods","status":"publish","type":"page","link":"https:\/\/ivymobility.com\/fr\/van-sales-software-consumer-goods\/","title":{"rendered":"Logiciel de vente de fourgonnettes"},"content":{"rendered":"","protected":false},"excerpt":{"rendered":"","protected":false},"author":1,"featured_media":0,"parent":0,"menu_order":0,"comment_status":"closed","ping_status":"closed","template":"page-templates\/default-flexible-content.php","meta":{"_acf_changed":false,"inline_featured_image":false,"_kad_blocks_custom_css":"","_kad_blocks_head_custom_js":"","_kad_blocks_body_custom_js":"","_kad_blocks_footer_custom_js":"","_kadence_starter_templates_imported_post":false,"_kad_post_transparent":"","_kad_post_title":"","_kad_post_layout":"","_kad_post_sidebar_id":"","_kad_post_content_style":"","_kad_post_vertical_padding":"","_kad_post_feature":"","_kad_post_feature_position":"","_kad_post_header":false,"_kad_post_footer":false,"footnotes":""},"class_list":["post-9574","page","type-page","status-publish","hentry"],"acf":[],"yoast_head":"<!-- This site is optimized with the Yoast SEO plugin v26.9 - https:\/\/yoast.com\/product\/yoast-seo-wordpress\/ -->\n<title>Van Sales Software | Van Sellers App | Ivy Mobility<\/title>\n<meta name=\"description\" content=\"Ivy simplifies tasks for Van sellers. A customizable van sales software app that exclusively focuses on tasks and activities that need to be performed by van sellers to boost performance.\" \/>\n<meta name=\"robots\" content=\"index, follow, max-snippet:-1, max-image-preview:large, max-video-preview:-1\" \/>\n<link rel=\"canonical\" href=\"https:\/\/ivymobility.com\/fr\/van-sales-software-consumer-goods\/\" \/>\n<meta property=\"og:locale\" content=\"fr_FR\" \/>\n<meta property=\"og:type\" content=\"article\" \/>\n<meta property=\"og:title\" content=\"Van Sales Software | Van Sellers App | Ivy Mobility\" \/>\n<meta property=\"og:description\" content=\"Ivy simplifies tasks for Van sellers. A customizable van sales software app that exclusively focuses on tasks and activities that need to be performed by van sellers to boost performance.\" \/>\n<meta property=\"og:url\" content=\"https:\/\/ivymobility.com\/fr\/van-sales-software-consumer-goods\/\" \/>\n<meta property=\"og:site_name\" content=\"Ivy Mobility\" \/>\n<meta name=\"twitter:card\" content=\"summary_large_image\" \/>\n<script type=\"application\/ld+json\" class=\"yoast-schema-graph\">{\"@context\":\"https:\/\/schema.org\",\"@graph\":[{\"@type\":\"WebPage\",\"@id\":\"https:\/\/ivymobility.com\/van-sales-software-consumer-goods\/\",\"url\":\"https:\/\/ivymobility.com\/van-sales-software-consumer-goods\/\",\"name\":\"Van Sales Software | Van Sellers App | Ivy Mobility\",\"isPartOf\":{\"@id\":\"https:\/\/ivymobility.com\/#website\"},\"datePublished\":\"2023-01-09T06:53:56+00:00\",\"description\":\"Ivy simplifies tasks for Van sellers. A customizable van sales software app that exclusively focuses on tasks and activities that need to be performed by van sellers to boost performance.\",\"breadcrumb\":{\"@id\":\"https:\/\/ivymobility.com\/van-sales-software-consumer-goods\/#breadcrumb\"},\"inLanguage\":\"fr-FR\",\"potentialAction\":[{\"@type\":\"ReadAction\",\"target\":[\"https:\/\/ivymobility.com\/van-sales-software-consumer-goods\/\"]}]},{\"@type\":\"BreadcrumbList\",\"@id\":\"https:\/\/ivymobility.com\/van-sales-software-consumer-goods\/#breadcrumb\",\"itemListElement\":[{\"@type\":\"ListItem\",\"position\":1,\"name\":\"Home\",\"item\":\"https:\/\/ivymobility.com\/\"},{\"@type\":\"ListItem\",\"position\":2,\"name\":\"Van Sales Software\"}]},{\"@type\":\"WebSite\",\"@id\":\"https:\/\/ivymobility.com\/#website\",\"url\":\"https:\/\/ivymobility.com\/\",\"name\":\"Ivy Mobility\",\"description\":\"| Intelligent Route to Market Solution for the Consumer Goods Industry\",\"publisher\":{\"@id\":\"https:\/\/ivymobility.com\/#organization\"},\"potentialAction\":[{\"@type\":\"SearchAction\",\"target\":{\"@type\":\"EntryPoint\",\"urlTemplate\":\"https:\/\/ivymobility.com\/?s={search_term_string}\"},\"query-input\":{\"@type\":\"PropertyValueSpecification\",\"valueRequired\":true,\"valueName\":\"search_term_string\"}}],\"inLanguage\":\"fr-FR\"},{\"@type\":\"Organization\",\"@id\":\"https:\/\/ivymobility.com\/#organization\",\"name\":\"Ivy Mobility\",\"url\":\"https:\/\/ivymobility.com\/\",\"logo\":{\"@type\":\"ImageObject\",\"inLanguage\":\"fr-FR\",\"@id\":\"https:\/\/ivymobility.com\/#\/schema\/logo\/image\/\",\"url\":\"https:\/\/ivymobility.com\/wp-content\/uploads\/2022\/01\/Ivy-Logo-1.png\",\"contentUrl\":\"https:\/\/ivymobility.com\/wp-content\/uploads\/2022\/01\/Ivy-Logo-1.png\",\"width\":500,\"height\":167,\"caption\":\"Ivy Mobility\"},\"image\":{\"@id\":\"https:\/\/ivymobility.com\/#\/schema\/logo\/image\/\"}}]}<\/script>\n<!-- \/ Yoast SEO plugin. -->","yoast_head_json":{"title":"Logiciel de vente de fourgonnettes | Application de vendeurs de fourgonnettes | Mobilit\u00e9 de lierre","description":"Ivy simplifie les t\u00e2ches des vendeurs de Van. Une application logicielle de vente de fourgonnettes personnalisable qui se concentre exclusivement sur les t\u00e2ches et les activit\u00e9s qui doivent \u00eatre effectu\u00e9es par les vendeurs de fourgonnettes pour am\u00e9liorer leurs performances.","robots":{"index":"index","follow":"follow","max-snippet":"max-snippet:-1","max-image-preview":"max-image-preview:large","max-video-preview":"max-video-preview:-1"},"canonical":"https:\/\/ivymobility.com\/fr\/van-sales-software-consumer-goods\/","og_locale":"fr_FR","og_type":"article","og_title":"Van Sales Software | Van Sellers App | Ivy Mobility","og_description":"Ivy simplifies tasks for Van sellers. A customizable van sales software app that exclusively focuses on tasks and activities that need to be performed by van sellers to boost performance.","og_url":"https:\/\/ivymobility.com\/fr\/van-sales-software-consumer-goods\/","og_site_name":"Ivy Mobility","twitter_card":"summary_large_image","schema":{"@context":"https:\/\/schema.org","@graph":[{"@type":"WebPage","@id":"https:\/\/ivymobility.com\/van-sales-software-consumer-goods\/","url":"https:\/\/ivymobility.com\/van-sales-software-consumer-goods\/","name":"Logiciel de vente de fourgonnettes | Application de vendeurs de fourgonnettes | Mobilit\u00e9 de lierre","isPartOf":{"@id":"https:\/\/ivymobility.com\/#website"},"datePublished":"2023-01-09T06:53:56+00:00","description":"Ivy simplifie les t\u00e2ches des vendeurs de Van. Une application logicielle de vente de fourgonnettes personnalisable qui se concentre exclusivement sur les t\u00e2ches et les activit\u00e9s qui doivent \u00eatre effectu\u00e9es par les vendeurs de fourgonnettes pour am\u00e9liorer leurs performances.","breadcrumb":{"@id":"https:\/\/ivymobility.com\/van-sales-software-consumer-goods\/#breadcrumb"},"inLanguage":"fr-FR","potentialAction":[{"@type":"ReadAction","target":["https:\/\/ivymobility.com\/van-sales-software-consumer-goods\/"]}]},{"@type":"BreadcrumbList","@id":"https:\/\/ivymobility.com\/van-sales-software-consumer-goods\/#breadcrumb","itemListElement":[{"@type":"ListItem","position":1,"name":"Home","item":"https:\/\/ivymobility.com\/"},{"@type":"ListItem","position":2,"name":"Van Sales Software"}]},{"@type":"WebSite","@id":"https:\/\/ivymobility.com\/#website","url":"https:\/\/ivymobility.com\/","name":"Mobilit\u00e9 de lierre","description":"| Solution d&#039;acc\u00e8s intelligent au march\u00e9 pour l&#039;industrie des biens de consommation","publisher":{"@id":"https:\/\/ivymobility.com\/#organization"},"potentialAction":[{"@type":"SearchAction","target":{"@type":"EntryPoint","urlTemplate":"https:\/\/ivymobility.com\/?s={search_term_string}"},"query-input":{"@type":"PropertyValueSpecification","valueRequired":true,"valueName":"search_term_string"}}],"inLanguage":"fr-FR"},{"@type":"Organization","@id":"https:\/\/ivymobility.com\/#organization","name":"Mobilit\u00e9 de lierre","url":"https:\/\/ivymobility.com\/","logo":{"@type":"ImageObject","inLanguage":"fr-FR","@id":"https:\/\/ivymobility.com\/#\/schema\/logo\/image\/","url":"https:\/\/ivymobility.com\/wp-content\/uploads\/2022\/01\/Ivy-Logo-1.png","contentUrl":"https:\/\/ivymobility.com\/wp-content\/uploads\/2022\/01\/Ivy-Logo-1.png","width":500,"height":167,"caption":"Ivy Mobility"},"image":{"@id":"https:\/\/ivymobility.com\/#\/schema\/logo\/image\/"}}]}},"taxonomy_info":[],"featured_image_src_large":false,"author_info":{"display_name":"sitemanager","author_link":"https:\/\/ivymobility.com\/fr\/author\/sitemanager\/"},"comment_info":0,"_links":{"self":[{"href":"https:\/\/ivymobility.com\/fr\/wp-json\/wp\/v2\/pages\/9574","targetHints":{"allow":["GET"]}}],"collection":[{"href":"https:\/\/ivymobility.com\/fr\/wp-json\/wp\/v2\/pages"}],"about":[{"href":"https:\/\/ivymobility.com\/fr\/wp-json\/wp\/v2\/types\/page"}],"author":[{"embeddable":true,"href":"https:\/\/ivymobility.com\/fr\/wp-json\/wp\/v2\/users\/1"}],"replies":[{"embeddable":true,"href":"https:\/\/ivymobility.com\/fr\/wp-json\/wp\/v2\/comments?post=9574"}],"version-history":[{"count":0,"href":"https:\/\/ivymobility.com\/fr\/wp-json\/wp\/v2\/pages\/9574\/revisions"}],"wp:attachment":[{"href":"https:\/\/ivymobility.com\/fr\/wp-json\/wp\/v2\/media?parent=9574"}],"curies":[{"name":"wp","href":"https:\/\/api.w.org\/{rel}","templated":true}]}}