{"id":13981,"date":"2024-11-07T11:19:18","date_gmt":"2024-11-07T11:19:18","guid":{"rendered":"https:\/\/ivymobility.com\/?page_id=13981"},"modified":"2024-11-08T05:57:33","modified_gmt":"2024-11-08T05:57:33","slug":"13981-2","status":"publish","type":"page","link":"https:\/\/ivymobility.com\/fr\/13981-2\/","title":{"rendered":""},"content":{"rendered":"<style>.kb-row-layout-id13981_66674b-f5 > .kt-row-column-wrap{align-content:start;}:where(.kb-row-layout-id13981_66674b-f5 > .kt-row-column-wrap) > .wp-block-kadence-column{justify-content:start;}.kb-row-layout-id13981_66674b-f5 > .kt-row-column-wrap{column-gap:var(--global-kb-gap-md, 2rem);row-gap:var(--global-kb-gap-md, 2rem);max-width:var( --global-content-width, 1290px );padding-left:var(--global-content-edge-padding);padding-right:var(--global-content-edge-padding);padding-top:var(--global-kb-spacing-sm, 1.5rem);padding-bottom:var(--global-kb-spacing-sm, 1.5rem);grid-template-columns:minmax(0, 1fr);}.kb-row-layout-id13981_66674b-f5{border-top:10px solid var(--global-palette2, #2B6CB0);border-right:10px solid var(--global-palette2, #2B6CB0);border-bottom:10px solid var(--global-palette2, #2B6CB0);border-left:10px solid var(--global-palette2, #2B6CB0);}.kb-row-layout-id13981_66674b-f5{background-image:url('https:\/\/ivymobility.com\/wp-content\/uploads\/customer-bg.jpg');background-size:cover;background-position:center center;background-attachment:scroll;background-repeat:no-repeat;}.kb-row-layout-id13981_66674b-f5 > .kt-row-layout-overlay{opacity:0.78;background-color:var(--global-palette2, #2B6CB0);}@media all and (max-width: 1024px){.kb-row-layout-id13981_66674b-f5 > .kt-row-column-wrap{grid-template-columns:minmax(0, 1fr);}}@media all and (max-width: 1024px){.kb-row-layout-id13981_66674b-f5{border-top:10px solid var(--global-palette2, #2B6CB0);border-right:10px solid var(--global-palette2, #2B6CB0);border-bottom:10px solid var(--global-palette2, #2B6CB0);border-left:10px solid var(--global-palette2, #2B6CB0);}}@media all and (max-width: 767px){.kb-row-layout-id13981_66674b-f5 > .kt-row-column-wrap{grid-template-columns:minmax(0, 1fr);}.kb-row-layout-id13981_66674b-f5{border-top:10px solid var(--global-palette2, #2B6CB0);border-right:10px solid var(--global-palette2, #2B6CB0);border-bottom:10px solid var(--global-palette2, #2B6CB0);border-left:10px solid var(--global-palette2, #2B6CB0);}}<\/style><div class=\"kb-row-layout-wrap kb-row-layout-id13981_66674b-f5 alignfull kt-row-has-bg wp-block-kadence-rowlayout\"><div class=\"kt-row-layout-overlay kt-row-overlay-normal\"><\/div><div class=\"kt-row-column-wrap kt-has-1-columns kt-row-layout-equal kt-tab-layout-inherit kt-mobile-layout-row kt-row-valign-top kb-theme-content-width\">\n<style>.kadence-column13981_cb5980-6a > .kt-inside-inner-col,.kadence-column13981_cb5980-6a > .kt-inside-inner-col:before{border-top-left-radius:0px;border-top-right-radius:0px;border-bottom-right-radius:0px;border-bottom-left-radius:0px;}.kadence-column13981_cb5980-6a > .kt-inside-inner-col{column-gap:var(--global-kb-gap-sm, 1rem);}.kadence-column13981_cb5980-6a > .kt-inside-inner-col{flex-direction:column;}.kadence-column13981_cb5980-6a > .kt-inside-inner-col > .aligncenter{width:100%;}.kadence-column13981_cb5980-6a > .kt-inside-inner-col:before{opacity:0.3;}.kadence-column13981_cb5980-6a{position:relative;}@media all and (max-width: 1024px){.kadence-column13981_cb5980-6a > .kt-inside-inner-col{flex-direction:column;justify-content:center;}}@media all and (max-width: 767px){.kadence-column13981_cb5980-6a > .kt-inside-inner-col{flex-direction:column;justify-content:center;}}<\/style>\n<div class=\"wp-block-kadence-column kadence-column13981_cb5980-6a\"><div class=\"kt-inside-inner-col\"><style>.wp-block-kadence-advancedheading.kt-adv-heading13981_e05f5d-ce, .wp-block-kadence-advancedheading.kt-adv-heading13981_e05f5d-ce[data-kb-block=\"kb-adv-heading13981_e05f5d-ce\"]{text-align:center;font-style:normal;}.wp-block-kadence-advancedheading.kt-adv-heading13981_e05f5d-ce mark.kt-highlight, .wp-block-kadence-advancedheading.kt-adv-heading13981_e05f5d-ce[data-kb-block=\"kb-adv-heading13981_e05f5d-ce\"] mark.kt-highlight{font-style:normal;color:#f76a0c;-webkit-box-decoration-break:clone;box-decoration-break:clone;padding-top:0px;padding-right:0px;padding-bottom:0px;padding-left:0px;}.wp-block-kadence-advancedheading.kt-adv-heading13981_e05f5d-ce img.kb-inline-image, .wp-block-kadence-advancedheading.kt-adv-heading13981_e05f5d-ce[data-kb-block=\"kb-adv-heading13981_e05f5d-ce\"] img.kb-inline-image{width:150px;vertical-align:baseline;}<\/style>\n<h2 class=\"kt-adv-heading13981_e05f5d-ce wp-block-kadence-advancedheading has-theme-palette-9-color has-text-color\" data-kb-block=\"kb-adv-heading13981_e05f5d-ce\">T\u00e9moignages de clients<\/h2>\n\n\n<style>.kb-row-layout-id13981_c95906-13 > .kt-row-column-wrap{align-content:center;}:where(.kb-row-layout-id13981_c95906-13 > .kt-row-column-wrap) > .wp-block-kadence-column{justify-content:center;}.kb-row-layout-id13981_c95906-13 > .kt-row-column-wrap{column-gap:var(--global-kb-gap-md, 2rem);row-gap:var(--global-kb-gap-md, 2rem);padding-top:var(--global-kb-spacing-sm, 1.5rem);padding-bottom:var(--global-kb-spacing-sm, 1.5rem);grid-template-columns:repeat(2, minmax(0, 1fr));}.kb-row-layout-id13981_c95906-13 > .kt-row-layout-overlay{opacity:0.30;}@media all and (max-width: 1024px){.kb-row-layout-id13981_c95906-13 > .kt-row-column-wrap{grid-template-columns:repeat(2, minmax(0, 1fr));}}@media all and (max-width: 767px){.kb-row-layout-id13981_c95906-13 > .kt-row-column-wrap{grid-template-columns:minmax(0, 1fr);}}<\/style><div class=\"kb-row-layout-wrap kb-row-layout-id13981_c95906-13 alignnone wp-block-kadence-rowlayout\"><div class=\"kt-row-column-wrap kt-has-2-columns kt-row-layout-equal kt-tab-layout-inherit kt-mobile-layout-row kt-row-valign-middle\">\n<style>.kadence-column13981_4d6af5-f7 > .kt-inside-inner-col,.kadence-column13981_4d6af5-f7 > .kt-inside-inner-col:before{border-top-left-radius:0px;border-top-right-radius:0px;border-bottom-right-radius:0px;border-bottom-left-radius:0px;}.kadence-column13981_4d6af5-f7 > .kt-inside-inner-col{column-gap:var(--global-kb-gap-sm, 1rem);}.kadence-column13981_4d6af5-f7 > .kt-inside-inner-col{flex-direction:column;}.kadence-column13981_4d6af5-f7 > .kt-inside-inner-col > .aligncenter{width:100%;}.kadence-column13981_4d6af5-f7 > .kt-inside-inner-col:before{opacity:0.3;}.kadence-column13981_4d6af5-f7{position:relative;}@media all and (max-width: 1024px){.kadence-column13981_4d6af5-f7 > .kt-inside-inner-col{flex-direction:column;justify-content:center;}}@media all and (max-width: 767px){.kadence-column13981_4d6af5-f7 > .kt-inside-inner-col{flex-direction:column;justify-content:center;}}<\/style>\n<div class=\"wp-block-kadence-column kadence-column13981_4d6af5-f7\"><div class=\"kt-inside-inner-col\"><style>.wp-block-kadence-advancedheading.kt-adv-heading13981_bbf735-87, .wp-block-kadence-advancedheading.kt-adv-heading13981_bbf735-87[data-kb-block=\"kb-adv-heading13981_bbf735-87\"]{font-style:normal;}.wp-block-kadence-advancedheading.kt-adv-heading13981_bbf735-87[data-kb-block=\"kb-adv-heading13981_bbf735-87\"]{display:flex;gap:0.25em;align-items:center;}.wp-block-kadence-advancedheading.kt-adv-heading13981_bbf735-87[data-kb-block=\"kb-adv-heading13981_bbf735-87\"] .kb-adv-heading-icon svg{width:1em;height:1em;}.wp-block-kadence-advancedheading.kt-adv-heading13981_bbf735-87 mark.kt-highlight, .wp-block-kadence-advancedheading.kt-adv-heading13981_bbf735-87[data-kb-block=\"kb-adv-heading13981_bbf735-87\"] mark.kt-highlight{font-style:normal;color:#f76a0c;-webkit-box-decoration-break:clone;box-decoration-break:clone;padding-top:0px;padding-right:0px;padding-bottom:0px;padding-left:0px;}.wp-block-kadence-advancedheading.kt-adv-heading13981_bbf735-87 img.kb-inline-image, .wp-block-kadence-advancedheading.kt-adv-heading13981_bbf735-87[data-kb-block=\"kb-adv-heading13981_bbf735-87\"] img.kb-inline-image{width:150px;vertical-align:baseline;}<\/style><p class=\"kt-adv-heading13981_bbf735-87 wp-block-kadence-advancedheading kt-adv-heading-has-icon has-theme-palette9-color has-text-color\" data-kb-block=\"kb-adv-heading13981_bbf735-87\"><span class=\"kb-svg-icon-wrap kb-adv-heading-icon kb-svg-icon-fas_quote-left kb-adv-heading-icon-side-left\"><svg viewbox=\"0 0 512 512\"  fill=\"currentColor\" xmlns=\"http:\/\/www.w3.org\/2000\/svg\"  aria-hidden=\"true\"><path d=\"M464 256h-80v-64c0-35.3 28.7-64 64-64h8c13.3 0 24-10.7 24-24V56c0-13.3-10.7-24-24-24h-8c-88.4 0-160 71.6-160 160v240c0 26.5 21.5 48 48 48h128c26.5 0 48-21.5 48-48V304c0-26.5-21.5-48-48-48zm-288 0H96v-64c0-35.3 28.7-64 64-64h8c13.3 0 24-10.7 24-24V56c0-13.3-10.7-24-24-24h-8C71.6 32 0 103.6 0 192v240c0 26.5 21.5 48 48 48h128c26.5 0 48-21.5 48-48V304c0-26.5-21.5-48-48-48z\"\/><\/svg><\/span><span class=\"kb-adv-text-inner\">Nous avons trouv\u00e9 en Ivy un partenaire strat\u00e9gique agile et flexible, qui fournit un outil robuste \u00e0 notre \u00e9quipe commerciale tout en s&#039;adaptant aux demandes en constante \u00e9volution du march\u00e9. L&#039;interface conviviale permet \u00e0 nos commerciaux de se concentrer sur la vente plut\u00f4t que sur la technologie, et la visibilit\u00e9 sur l&#039;ensemble du cycle de vie des transactions est essentielle pour exploiter les donn\u00e9es \u00e0 l&#039;\u00e9chelle nationale.<\/span><\/p>\n\n<style>.wp-block-kadence-advancedheading.kt-adv-heading13981_e7f31b-1a, .wp-block-kadence-advancedheading.kt-adv-heading13981_e7f31b-1a[data-kb-block=\"kb-adv-heading13981_e7f31b-1a\"]{margin-top:0px;margin-right:0px;margin-bottom:0px;margin-left:0px;font-size:20px;font-weight:600;font-style:normal;font-family:var( --global-heading-font-family, inherit );}.wp-block-kadence-advancedheading.kt-adv-heading13981_e7f31b-1a mark.kt-highlight, .wp-block-kadence-advancedheading.kt-adv-heading13981_e7f31b-1a[data-kb-block=\"kb-adv-heading13981_e7f31b-1a\"] mark.kt-highlight{font-style:normal;color:#f76a0c;-webkit-box-decoration-break:clone;box-decoration-break:clone;padding-top:0px;padding-right:0px;padding-bottom:0px;padding-left:0px;}.wp-block-kadence-advancedheading.kt-adv-heading13981_e7f31b-1a img.kb-inline-image, .wp-block-kadence-advancedheading.kt-adv-heading13981_e7f31b-1a[data-kb-block=\"kb-adv-heading13981_e7f31b-1a\"] img.kb-inline-image{width:150px;vertical-align:baseline;}<\/style>\n<p class=\"kt-adv-heading13981_e7f31b-1a wp-block-kadence-advancedheading has-theme-palette-9-color has-text-color\" data-kb-block=\"kb-adv-heading13981_e7f31b-1a\">Juan Pajon<\/p>\n\n\n<style>.wp-block-kadence-advancedheading.kt-adv-heading13981_adce68-55, .wp-block-kadence-advancedheading.kt-adv-heading13981_adce68-55[data-kb-block=\"kb-adv-heading13981_adce68-55\"]{margin-top:0px;margin-right:0px;margin-bottom:0px;margin-left:0px;font-size:var(--global-kb-font-size-sm, 0.9rem);font-style:italic;font-family:var( --global-body-font-family, inherit );}.wp-block-kadence-advancedheading.kt-adv-heading13981_adce68-55 mark.kt-highlight, .wp-block-kadence-advancedheading.kt-adv-heading13981_adce68-55[data-kb-block=\"kb-adv-heading13981_adce68-55\"] mark.kt-highlight{font-style:normal;color:#f76a0c;-webkit-box-decoration-break:clone;box-decoration-break:clone;padding-top:0px;padding-right:0px;padding-bottom:0px;padding-left:0px;}.wp-block-kadence-advancedheading.kt-adv-heading13981_adce68-55 img.kb-inline-image, .wp-block-kadence-advancedheading.kt-adv-heading13981_adce68-55[data-kb-block=\"kb-adv-heading13981_adce68-55\"] img.kb-inline-image{width:150px;vertical-align:baseline;}<\/style>\n<p class=\"kt-adv-heading13981_adce68-55 wp-block-kadence-advancedheading has-theme-palette-9-color has-text-color\" data-kb-block=\"kb-adv-heading13981_adce68-55\">Vice-pr\u00e9sident principal mondial<\/p>\n\n\n<style>.kb-image13981_357d08-4c.kb-image-is-ratio-size, .kb-image13981_357d08-4c .kb-image-is-ratio-size{max-width:120px;width:100%;}.wp-block-kadence-column > .kt-inside-inner-col > .kb-image13981_357d08-4c.kb-image-is-ratio-size, .wp-block-kadence-column > .kt-inside-inner-col > .kb-image13981_357d08-4c .kb-image-is-ratio-size{align-self:unset;}.kb-image13981_357d08-4c{max-width:120px;}.image-is-svg.kb-image13981_357d08-4c{-webkit-flex:0 1 100%;flex:0 1 100%;}.image-is-svg.kb-image13981_357d08-4c img{width:100%;}.kb-image13981_357d08-4c .kb-image-has-overlay:after{opacity:1;mix-blend-mode:normal;border-top-left-radius:15px;border-top-right-radius:15px;border-bottom-right-radius:15px;border-bottom-left-radius:15px;}.kb-image13981_357d08-4c img.kb-img, .kb-image13981_357d08-4c .kb-img img{border-top-left-radius:15px;border-top-right-radius:15px;border-bottom-right-radius:15px;border-bottom-left-radius:15px;box-shadow:0px 0px 14px 0px rgba(0, 0, 0, 0.2);filter:drop-shadow(0px 0px 14px rgba(0, 0, 0, 0.2));}<\/style>\n<figure class=\"wp-block-kadence-image kb-image13981_357d08-4c size-full\"><img loading=\"lazy\" decoding=\"async\" width=\"950\" height=\"466\" src=\"https:\/\/ivymobility.com\/wp-content\/uploads\/Grupo-Bimbo.png\" alt=\"\" class=\"kb-img wp-image-13990\" srcset=\"https:\/\/ivymobility.com\/wp-content\/uploads\/Grupo-Bimbo.png 950w, https:\/\/ivymobility.com\/wp-content\/uploads\/Grupo-Bimbo-300x147.png 300w, https:\/\/ivymobility.com\/wp-content\/uploads\/Grupo-Bimbo-768x377.png 768w, https:\/\/ivymobility.com\/wp-content\/uploads\/Grupo-Bimbo-18x9.png 18w\" sizes=\"auto, (max-width: 950px) 100vw, 950px\" \/><\/figure>\n<\/div><\/div>\n\n\n<style>.kadence-column13981_c3e470-8d > .kt-inside-inner-col,.kadence-column13981_c3e470-8d > .kt-inside-inner-col:before{border-top-left-radius:20px;border-top-right-radius:20px;border-bottom-right-radius:20px;border-bottom-left-radius:20px;}.kadence-column13981_c3e470-8d > .kt-inside-inner-col{column-gap:var(--global-kb-gap-sm, 1rem);}.kadence-column13981_c3e470-8d > .kt-inside-inner-col{flex-direction:column;}.kadence-column13981_c3e470-8d > .kt-inside-inner-col > .aligncenter{width:100%;}.kadence-column13981_c3e470-8d > .kt-inside-inner-col:before{opacity:0.3;}.kadence-column13981_c3e470-8d{position:relative;}@media all and (max-width: 1024px){.kadence-column13981_c3e470-8d > .kt-inside-inner-col{flex-direction:column;justify-content:center;}}@media all and (max-width: 767px){.kadence-column13981_c3e470-8d > .kt-inside-inner-col{flex-direction:column;justify-content:center;}}<\/style>\n<div class=\"wp-block-kadence-column kadence-column13981_c3e470-8d\"><div class=\"kt-inside-inner-col\">\n<figure class=\"wp-block-video\"><video autoplay controls loop muted src=\"https:\/\/ivymobility.com\/wp-content\/uploads\/Questions-in-text-1.mp4\" playsinline><\/video><\/figure>\n<\/div><\/div>\n\n<\/div><\/div><\/div><\/div>\n\n<\/div><\/div>","protected":false},"excerpt":{"rendered":"<p>T\u00e9moignages de clients Nous avons trouv\u00e9 en Ivy un partenaire strat\u00e9gique agile et flexible, offrant un outil robuste \u00e0 notre \u00e9quipe de vente tout en s&#039;adaptant aux demandes en constante \u00e9volution du march\u00e9. L&#039;interface conviviale permet \u00e0 nos commerciaux de se concentrer sur la vente plut\u00f4t que sur la technologie, et la visibilit\u00e9 sur le cycle de vie complet des transactions est essentielle pour exploiter les donn\u00e9es \u00e0 un niveau\u2026<\/p>","protected":false},"author":6,"featured_media":0,"parent":0,"menu_order":0,"comment_status":"closed","ping_status":"closed","template":"","meta":{"_acf_changed":false,"inline_featured_image":false,"_kad_blocks_custom_css":"","_kad_blocks_head_custom_js":"","_kad_blocks_body_custom_js":"","_kad_blocks_footer_custom_js":"","_kadence_starter_templates_imported_post":false,"_kad_post_transparent":"","_kad_post_title":"","_kad_post_layout":"","_kad_post_sidebar_id":"","_kad_post_content_style":"","_kad_post_vertical_padding":"","_kad_post_feature":"","_kad_post_feature_position":"","_kad_post_header":false,"_kad_post_footer":false,"footnotes":""},"class_list":["post-13981","page","type-page","status-publish","hentry"],"acf":[],"yoast_head":"<!-- This site is optimized with the Yoast SEO plugin v26.9 - https:\/\/yoast.com\/product\/yoast-seo-wordpress\/ -->\n<title>- Ivy Mobility<\/title>\n<meta name=\"robots\" content=\"index, follow, max-snippet:-1, max-image-preview:large, max-video-preview:-1\" \/>\n<link rel=\"canonical\" href=\"https:\/\/ivymobility.com\/fr\/13981-2\/\" \/>\n<meta property=\"og:locale\" content=\"fr_FR\" \/>\n<meta property=\"og:type\" content=\"article\" \/>\n<meta property=\"og:title\" content=\"- Ivy Mobility\" \/>\n<meta property=\"og:description\" content=\"Client Testimonials We found in Ivy a strategic partner that is agile and flexible, providing a robust tool for our sales team while adapting to market\u2019s fast-moving demands. The user-friendly interface keeps our salespeople focused on selling rather than technology, and the visibility into the complete transaction lifecycle is crucial for leveraging data at a...\" \/>\n<meta property=\"og:url\" content=\"https:\/\/ivymobility.com\/fr\/13981-2\/\" \/>\n<meta property=\"og:site_name\" content=\"Ivy Mobility\" \/>\n<meta property=\"article:modified_time\" content=\"2024-11-08T05:57:33+00:00\" \/>\n<meta property=\"og:image\" content=\"https:\/\/ivymobility.com\/wp-content\/uploads\/Grupo-Bimbo.png\" \/>\n<meta name=\"twitter:card\" content=\"summary_large_image\" \/>\n<meta name=\"twitter:label1\" content=\"Dur\u00e9e de lecture estim\u00e9e\" \/>\n\t<meta name=\"twitter:data1\" content=\"1 minute\" \/>\n<script type=\"application\/ld+json\" class=\"yoast-schema-graph\">{\"@context\":\"https:\/\/schema.org\",\"@graph\":[{\"@type\":\"WebPage\",\"@id\":\"https:\/\/ivymobility.com\/13981-2\/\",\"url\":\"https:\/\/ivymobility.com\/13981-2\/\",\"name\":\"- Ivy Mobility\",\"isPartOf\":{\"@id\":\"https:\/\/ivymobility.com\/#website\"},\"primaryImageOfPage\":{\"@id\":\"https:\/\/ivymobility.com\/13981-2\/#primaryimage\"},\"image\":{\"@id\":\"https:\/\/ivymobility.com\/13981-2\/#primaryimage\"},\"thumbnailUrl\":\"https:\/\/ivymobility.com\/wp-content\/uploads\/Grupo-Bimbo.png\",\"datePublished\":\"2024-11-07T11:19:18+00:00\",\"dateModified\":\"2024-11-08T05:57:33+00:00\",\"inLanguage\":\"fr-FR\",\"potentialAction\":[{\"@type\":\"ReadAction\",\"target\":[\"https:\/\/ivymobility.com\/13981-2\/\"]}]},{\"@type\":\"ImageObject\",\"inLanguage\":\"fr-FR\",\"@id\":\"https:\/\/ivymobility.com\/13981-2\/#primaryimage\",\"url\":\"https:\/\/ivymobility.com\/wp-content\/uploads\/Grupo-Bimbo.png\",\"contentUrl\":\"https:\/\/ivymobility.com\/wp-content\/uploads\/Grupo-Bimbo.png\"},{\"@type\":\"WebSite\",\"@id\":\"https:\/\/ivymobility.com\/#website\",\"url\":\"https:\/\/ivymobility.com\/\",\"name\":\"Ivy Mobility\",\"description\":\"| Intelligent Route to Market Solution for the Consumer Goods Industry\",\"publisher\":{\"@id\":\"https:\/\/ivymobility.com\/#organization\"},\"potentialAction\":[{\"@type\":\"SearchAction\",\"target\":{\"@type\":\"EntryPoint\",\"urlTemplate\":\"https:\/\/ivymobility.com\/?s={search_term_string}\"},\"query-input\":{\"@type\":\"PropertyValueSpecification\",\"valueRequired\":true,\"valueName\":\"search_term_string\"}}],\"inLanguage\":\"fr-FR\"},{\"@type\":\"Organization\",\"@id\":\"https:\/\/ivymobility.com\/#organization\",\"name\":\"Ivy Mobility\",\"url\":\"https:\/\/ivymobility.com\/\",\"logo\":{\"@type\":\"ImageObject\",\"inLanguage\":\"fr-FR\",\"@id\":\"https:\/\/ivymobility.com\/#\/schema\/logo\/image\/\",\"url\":\"https:\/\/ivymobility.com\/wp-content\/uploads\/2022\/01\/Ivy-Logo-1.png\",\"contentUrl\":\"https:\/\/ivymobility.com\/wp-content\/uploads\/2022\/01\/Ivy-Logo-1.png\",\"width\":500,\"height\":167,\"caption\":\"Ivy Mobility\"},\"image\":{\"@id\":\"https:\/\/ivymobility.com\/#\/schema\/logo\/image\/\"}}]}<\/script>\n<!-- \/ Yoast SEO plugin. -->","yoast_head_json":{"title":"- Mobilit\u00e9 Ivy","robots":{"index":"index","follow":"follow","max-snippet":"max-snippet:-1","max-image-preview":"max-image-preview:large","max-video-preview":"max-video-preview:-1"},"canonical":"https:\/\/ivymobility.com\/fr\/13981-2\/","og_locale":"fr_FR","og_type":"article","og_title":"- Ivy Mobility","og_description":"Client Testimonials We found in Ivy a strategic partner that is agile and flexible, providing a robust tool for our sales team while adapting to market\u2019s fast-moving demands. The user-friendly interface keeps our salespeople focused on selling rather than technology, and the visibility into the complete transaction lifecycle is crucial for leveraging data at a...","og_url":"https:\/\/ivymobility.com\/fr\/13981-2\/","og_site_name":"Ivy Mobility","article_modified_time":"2024-11-08T05:57:33+00:00","og_image":[{"url":"https:\/\/ivymobility.com\/wp-content\/uploads\/Grupo-Bimbo.png","type":"","width":"","height":""}],"twitter_card":"summary_large_image","twitter_misc":{"Dur\u00e9e de lecture estim\u00e9e":"1 minute"},"schema":{"@context":"https:\/\/schema.org","@graph":[{"@type":"WebPage","@id":"https:\/\/ivymobility.com\/13981-2\/","url":"https:\/\/ivymobility.com\/13981-2\/","name":"- Mobilit\u00e9 Ivy","isPartOf":{"@id":"https:\/\/ivymobility.com\/#website"},"primaryImageOfPage":{"@id":"https:\/\/ivymobility.com\/13981-2\/#primaryimage"},"image":{"@id":"https:\/\/ivymobility.com\/13981-2\/#primaryimage"},"thumbnailUrl":"https:\/\/ivymobility.com\/wp-content\/uploads\/Grupo-Bimbo.png","datePublished":"2024-11-07T11:19:18+00:00","dateModified":"2024-11-08T05:57:33+00:00","inLanguage":"fr-FR","potentialAction":[{"@type":"ReadAction","target":["https:\/\/ivymobility.com\/13981-2\/"]}]},{"@type":"ImageObject","inLanguage":"fr-FR","@id":"https:\/\/ivymobility.com\/13981-2\/#primaryimage","url":"https:\/\/ivymobility.com\/wp-content\/uploads\/Grupo-Bimbo.png","contentUrl":"https:\/\/ivymobility.com\/wp-content\/uploads\/Grupo-Bimbo.png"},{"@type":"WebSite","@id":"https:\/\/ivymobility.com\/#website","url":"https:\/\/ivymobility.com\/","name":"Mobilit\u00e9 de lierre","description":"| Solution d&#039;acc\u00e8s intelligent au march\u00e9 pour l&#039;industrie des biens de consommation","publisher":{"@id":"https:\/\/ivymobility.com\/#organization"},"potentialAction":[{"@type":"SearchAction","target":{"@type":"EntryPoint","urlTemplate":"https:\/\/ivymobility.com\/?s={search_term_string}"},"query-input":{"@type":"PropertyValueSpecification","valueRequired":true,"valueName":"search_term_string"}}],"inLanguage":"fr-FR"},{"@type":"Organization","@id":"https:\/\/ivymobility.com\/#organization","name":"Mobilit\u00e9 de lierre","url":"https:\/\/ivymobility.com\/","logo":{"@type":"ImageObject","inLanguage":"fr-FR","@id":"https:\/\/ivymobility.com\/#\/schema\/logo\/image\/","url":"https:\/\/ivymobility.com\/wp-content\/uploads\/2022\/01\/Ivy-Logo-1.png","contentUrl":"https:\/\/ivymobility.com\/wp-content\/uploads\/2022\/01\/Ivy-Logo-1.png","width":500,"height":167,"caption":"Ivy Mobility"},"image":{"@id":"https:\/\/ivymobility.com\/#\/schema\/logo\/image\/"}}]}},"taxonomy_info":[],"featured_image_src_large":false,"author_info":{"display_name":"Parv Pathak","author_link":"https:\/\/ivymobility.com\/fr\/author\/parvpathak12gmail-com\/"},"comment_info":0,"_links":{"self":[{"href":"https:\/\/ivymobility.com\/fr\/wp-json\/wp\/v2\/pages\/13981","targetHints":{"allow":["GET"]}}],"collection":[{"href":"https:\/\/ivymobility.com\/fr\/wp-json\/wp\/v2\/pages"}],"about":[{"href":"https:\/\/ivymobility.com\/fr\/wp-json\/wp\/v2\/types\/page"}],"author":[{"embeddable":true,"href":"https:\/\/ivymobility.com\/fr\/wp-json\/wp\/v2\/users\/6"}],"replies":[{"embeddable":true,"href":"https:\/\/ivymobility.com\/fr\/wp-json\/wp\/v2\/comments?post=13981"}],"version-history":[{"count":8,"href":"https:\/\/ivymobility.com\/fr\/wp-json\/wp\/v2\/pages\/13981\/revisions"}],"predecessor-version":[{"id":14000,"href":"https:\/\/ivymobility.com\/fr\/wp-json\/wp\/v2\/pages\/13981\/revisions\/14000"}],"wp:attachment":[{"href":"https:\/\/ivymobility.com\/fr\/wp-json\/wp\/v2\/media?parent=13981"}],"curies":[{"name":"wp","href":"https:\/\/api.w.org\/{rel}","templated":true}]}}