{"id":647,"date":"2021-11-23T13:39:18","date_gmt":"2021-11-23T13:39:18","guid":{"rendered":"https:\/\/elb-ivydev-website-01-1023820660.ap-south-1.elb.amazonaws.com\/?page_id=647"},"modified":"2024-06-01T19:18:42","modified_gmt":"2024-06-01T19:18:42","slug":"white-papers","status":"publish","type":"page","link":"https:\/\/ivymobility.com\/es\/white-papers\/","title":{"rendered":"Libros blancos"},"content":{"rendered":"<style>.kb-row-layout-id647_b0895e-d0 > .kt-row-column-wrap{align-content:center;}:where(.kb-row-layout-id647_b0895e-d0 > .kt-row-column-wrap) > .wp-block-kadence-column{justify-content:center;}.kb-row-layout-id647_b0895e-d0 > .kt-row-column-wrap{column-gap:var(--global-kb-gap-md, 2rem);row-gap:var(--global-kb-gap-md, 2rem);max-width:var( --global-content-width, 1290px );padding-left:var(--global-content-edge-padding);padding-right:var(--global-content-edge-padding);padding-top:var(--global-kb-spacing-xl, 4rem);padding-bottom:var(--global-kb-spacing-xl, 4rem);min-height:400px;grid-template-columns:minmax(0, 1fr);}.kb-row-layout-id647_b0895e-d0{background-image:url('https:\/\/ivymobility.com\/wp-content\/uploads\/2022\/01\/whitepapers-hero-image.png');background-size:cover;background-position:center center;background-attachment:scroll;background-repeat:no-repeat;}.kb-row-layout-id647_b0895e-d0 > .kt-row-layout-overlay{opacity:0.30;}@media all and (max-width: 1024px){.kb-row-layout-id647_b0895e-d0 > .kt-row-column-wrap{grid-template-columns:minmax(0, 1fr);}}@media all and (max-width: 767px){.kb-row-layout-id647_b0895e-d0 > .kt-row-column-wrap{grid-template-columns:minmax(0, 1fr);}}<\/style><div class=\"kb-row-layout-wrap kb-row-layout-id647_b0895e-d0 alignfull kt-row-has-bg wp-block-kadence-rowlayout\"><div class=\"kt-row-column-wrap kt-has-1-columns kt-row-layout-equal kt-tab-layout-inherit kt-mobile-layout-row kt-row-valign-middle kb-theme-content-width\">\n<style>.kadence-column647_b30334-f7 > .kt-inside-inner-col,.kadence-column647_b30334-f7 > .kt-inside-inner-col:before{border-top-left-radius:0px;border-top-right-radius:0px;border-bottom-right-radius:0px;border-bottom-left-radius:0px;}.kadence-column647_b30334-f7 > .kt-inside-inner-col{column-gap:var(--global-kb-gap-sm, 1rem);}.kadence-column647_b30334-f7 > .kt-inside-inner-col{flex-direction:column;}.kadence-column647_b30334-f7 > .kt-inside-inner-col > .aligncenter{width:100%;}.kadence-column647_b30334-f7 > .kt-inside-inner-col:before{opacity:0.3;}.kadence-column647_b30334-f7{position:relative;}@media all and (max-width: 1024px){.kadence-column647_b30334-f7 > .kt-inside-inner-col{flex-direction:column;justify-content:center;}}@media all and (max-width: 767px){.kadence-column647_b30334-f7 > .kt-inside-inner-col{flex-direction:column;justify-content:center;}}<\/style>\n<div class=\"wp-block-kadence-column kadence-column647_b30334-f7\"><div class=\"kt-inside-inner-col\"><style>.wp-block-kadence-advancedheading.kt-adv-heading647_956483-f3, .wp-block-kadence-advancedheading.kt-adv-heading647_956483-f3[data-kb-block=\"kb-adv-heading647_956483-f3\"]{text-align:center;font-size:60px;line-height:80px;font-style:normal;}.wp-block-kadence-advancedheading.kt-adv-heading647_956483-f3 mark.kt-highlight, .wp-block-kadence-advancedheading.kt-adv-heading647_956483-f3[data-kb-block=\"kb-adv-heading647_956483-f3\"] mark.kt-highlight{font-style:normal;color:#f76a0c;-webkit-box-decoration-break:clone;box-decoration-break:clone;padding-top:0px;padding-right:0px;padding-bottom:0px;padding-left:0px;}.wp-block-kadence-advancedheading.kt-adv-heading647_956483-f3 img.kb-inline-image, .wp-block-kadence-advancedheading.kt-adv-heading647_956483-f3[data-kb-block=\"kb-adv-heading647_956483-f3\"] img.kb-inline-image{width:150px;vertical-align:baseline;}<\/style>\n<h2 class=\"kt-adv-heading647_956483-f3 wp-block-kadence-advancedheading has-theme-palette-9-color has-text-color\" data-kb-block=\"kb-adv-heading647_956483-f3\">Libros blancos<\/h2>\n<\/div><\/div>\n\n<\/div><\/div>\n\n<style>.kb-row-layout-id647_211600-9a > .kt-row-column-wrap{align-content:center;}:where(.kb-row-layout-id647_211600-9a > .kt-row-column-wrap) > .wp-block-kadence-column{justify-content:center;}.kb-row-layout-id647_211600-9a > .kt-row-column-wrap{column-gap:var(--global-kb-gap-md, 2rem);row-gap:var(--global-kb-gap-md, 2rem);max-width:var( --global-content-width, 1290px );padding-left:var(--global-content-edge-padding);padding-right:var(--global-content-edge-padding);padding-top:var(--global-kb-spacing-xl, 4rem);padding-bottom:var(--global-kb-spacing-xl, 4rem);grid-template-columns:minmax(0, 1fr);}.kb-row-layout-id647_211600-9a > .kt-row-layout-overlay{opacity:0.30;}@media all and (max-width: 1024px){.kb-row-layout-id647_211600-9a > .kt-row-column-wrap{grid-template-columns:minmax(0, 1fr);}}@media all and (max-width: 767px){.kb-row-layout-id647_211600-9a > .kt-row-column-wrap{grid-template-columns:minmax(0, 1fr);}}<\/style><div class=\"kb-row-layout-wrap kb-row-layout-id647_211600-9a alignfull wp-block-kadence-rowlayout\"><div class=\"kt-row-column-wrap kt-has-1-columns kt-row-layout-equal kt-tab-layout-inherit kt-mobile-layout-row kt-row-valign-middle kb-theme-content-width\">\n<style>.kadence-column647_991ce4-61 > .kt-inside-inner-col,.kadence-column647_991ce4-61 > .kt-inside-inner-col:before{border-top-left-radius:0px;border-top-right-radius:0px;border-bottom-right-radius:0px;border-bottom-left-radius:0px;}.kadence-column647_991ce4-61 > .kt-inside-inner-col{column-gap:var(--global-kb-gap-sm, 1rem);}.kadence-column647_991ce4-61 > .kt-inside-inner-col{flex-direction:column;}.kadence-column647_991ce4-61 > .kt-inside-inner-col > .aligncenter{width:100%;}.kadence-column647_991ce4-61 > .kt-inside-inner-col:before{opacity:0.3;}.kadence-column647_991ce4-61{position:relative;}@media all and (max-width: 1024px){.kadence-column647_991ce4-61 > .kt-inside-inner-col{flex-direction:column;justify-content:center;}}@media all and (max-width: 767px){.kadence-column647_991ce4-61 > .kt-inside-inner-col{flex-direction:column;justify-content:center;}}<\/style>\n<div class=\"wp-block-kadence-column kadence-column647_991ce4-61\"><div class=\"kt-inside-inner-col\"><style>.wp-block-kadence-advancedheading.kt-adv-heading647_edb4bd-ce, .wp-block-kadence-advancedheading.kt-adv-heading647_edb4bd-ce[data-kb-block=\"kb-adv-heading647_edb4bd-ce\"]{font-style:normal;}.wp-block-kadence-advancedheading.kt-adv-heading647_edb4bd-ce mark.kt-highlight, .wp-block-kadence-advancedheading.kt-adv-heading647_edb4bd-ce[data-kb-block=\"kb-adv-heading647_edb4bd-ce\"] mark.kt-highlight{font-style:normal;color:#f76a0c;-webkit-box-decoration-break:clone;box-decoration-break:clone;padding-top:0px;padding-right:0px;padding-bottom:0px;padding-left:0px;}.wp-block-kadence-advancedheading.kt-adv-heading647_edb4bd-ce img.kb-inline-image, .wp-block-kadence-advancedheading.kt-adv-heading647_edb4bd-ce[data-kb-block=\"kb-adv-heading647_edb4bd-ce\"] img.kb-inline-image{width:150px;vertical-align:baseline;}<\/style>\n<p class=\"kt-adv-heading647_edb4bd-ce wp-block-kadence-advancedheading\" data-kb-block=\"kb-adv-heading647_edb4bd-ce\">Lea todo sobre los problemas identificados en su industria, encuentre soluciones y descubra avances a trav\u00e9s de nuestros documentos t\u00e9cnicos. Nuestros documentos t\u00e9cnicos hablan sobre soluciones pr\u00e1cticas para mitigar los riesgos y las p\u00e9rdidas de su negocio.<\/p>\n<\/div><\/div>\n\n<\/div><\/div>\n\n<style>.kb-row-layout-id647_70d219-0f > .kt-row-column-wrap{align-content:center;}:where(.kb-row-layout-id647_70d219-0f > .kt-row-column-wrap) > .wp-block-kadence-column{justify-content:center;}.kb-row-layout-id647_70d219-0f > .kt-row-column-wrap{column-gap:var(--global-kb-gap-md, 2rem);row-gap:var(--global-kb-gap-md, 2rem);max-width:var( --global-content-width, 1290px );padding-left:var(--global-content-edge-padding);padding-right:var(--global-content-edge-padding);padding-bottom:var(--global-kb-spacing-md, 2rem);grid-template-columns:minmax(0, 1fr);}.kb-row-layout-id647_70d219-0f > .kt-row-layout-overlay{opacity:0.30;}@media all and (max-width: 1024px){.kb-row-layout-id647_70d219-0f > .kt-row-column-wrap{grid-template-columns:minmax(0, 1fr);}}@media all and (max-width: 767px){.kb-row-layout-id647_70d219-0f > .kt-row-column-wrap{grid-template-columns:minmax(0, 1fr);}}<\/style><div class=\"kb-row-layout-wrap kb-row-layout-id647_70d219-0f alignfull blog-sec wp-block-kadence-rowlayout\"><div class=\"kt-row-column-wrap kt-has-1-columns kt-row-layout-equal kt-tab-layout-inherit kt-mobile-layout-row kt-row-valign-middle kb-theme-content-width\">\n<style>.kadence-column647_07f0a5-8f > .kt-inside-inner-col,.kadence-column647_07f0a5-8f > .kt-inside-inner-col:before{border-top-left-radius:0px;border-top-right-radius:0px;border-bottom-right-radius:0px;border-bottom-left-radius:0px;}.kadence-column647_07f0a5-8f > .kt-inside-inner-col{column-gap:var(--global-kb-gap-sm, 1rem);}.kadence-column647_07f0a5-8f > .kt-inside-inner-col{flex-direction:column;}.kadence-column647_07f0a5-8f > .kt-inside-inner-col > .aligncenter{width:100%;}.kadence-column647_07f0a5-8f > .kt-inside-inner-col:before{opacity:0.3;}.kadence-column647_07f0a5-8f{position:relative;}@media all and (max-width: 1024px){.kadence-column647_07f0a5-8f > .kt-inside-inner-col{flex-direction:column;justify-content:center;}}@media all and (max-width: 767px){.kadence-column647_07f0a5-8f > .kt-inside-inner-col{flex-direction:column;justify-content:center;}}<\/style>\n<div class=\"wp-block-kadence-column kadence-column647_07f0a5-8f h-blog\"><div class=\"kt-inside-inner-col\"><div class=\"wp-block-kadence-query wp-block-kadence-query647_f0f12b-15 kadence-query-init kb-query-basic-style animation-overlay kb-query wp-block-kadence-query\" data-id=\"12081\" data-infinite-scroll=\"\">\n<style>.kb-pro-masonry-init .wp-block-kadence-query-card647_c7277b-ef.wp-block-kadence-query-card .kb-query-grid-wrap{columns:3;}.kb-pro-masonry-init .wp-block-kadence-query-card647_c7277b-ef.wp-block-kadence-query-card .kb-query-grid-wrap .kb-query-item{margin-bottom:var(--global-kb-gap-md, 2rem);}.wp-block-kadence-query-card647_c7277b-ef.wp-block-kadence-query-card .kb-query-grid-wrap.kb-query-grid-wrap{grid-template-columns:repeat(3, 1fr);row-gap:var(--global-kb-gap-md, 2rem);column-gap:var(--global-kb-gap-md, 2rem);}.wp-block-kadence-query-card647_c7277b-ef .kb-query-grid-wrap .kb-query-item.kb-query-block-post{box-shadow:0px 6px 20px 0px rgba(0, 0, 0, 0.05);border-top-left-radius:4px;border-top-right-radius:4px;border-bottom-right-radius:4px;border-bottom-left-radius:4px;overflow:hidden;}@media all and (max-width: 1024px){.kb-pro-masonry-init .wp-block-kadence-query-card647_c7277b-ef.wp-block-kadence-query-card .kb-query-grid-wrap{columns:2;}}@media all and (max-width: 1024px){.wp-block-kadence-query-card647_c7277b-ef.wp-block-kadence-query-card .kb-query-grid-wrap.kb-query-grid-wrap{grid-template-columns:repeat(2, 1fr);}}@media all and (max-width: 767px){.kb-pro-masonry-init .wp-block-kadence-query-card647_c7277b-ef.wp-block-kadence-query-card .kb-query-grid-wrap{columns:1;}.wp-block-kadence-query-card647_c7277b-ef.wp-block-kadence-query-card .kb-query-grid-wrap.kb-query-grid-wrap{grid-template-columns:repeat(1, 1fr);}}<\/style><div class=\"wp-block-kadence-query-card647_c7277b-ef wp-block-kadence-query-card\" data-max-num-pages=\"1\"><div class=\"overlay\"><\/div><ul class=\"kb-query-grid-wrap\" data-item-selector=\"kb-query-item\"><li class=\"kb-query-item kb-query-block-post post-10755 whitepapers type-whitepapers status-publish has-post-thumbnail hentry\"><div class=\"kb-query-item-flip-back\"><\/div>\n<style>.wp-block-kadence-image.kb-image647_1c6a90-82:not(.kb-specificity-added):not(.kb-extra-specificity-added){margin-top:0px;margin-bottom:0px;}.kb-image647_1c6a90-82 .kb-image-has-overlay:after{opacity:0.3;}<\/style>\n<figure class=\"wp-block-kadence-image kb-image647_1c6a90-82 kb-image-is-ratio-size\"><a href=\"https:\/\/ivymobility.com\/es\/whitepapers\/evolving-indian-fmcg-market-and-latest-tech-advancements\/\" class=\"kb-advanced-image-link\"><div class=\"kb-is-ratio-image kb-image-ratio-land32\"><img loading=\"lazy\" decoding=\"async\" src=\"https:\/\/ivymobility.com\/wp-content\/uploads\/2023\/10\/1-1.png\" alt=\"\" width=\"596\" height=\"675\" class=\"kb-img wp-image-10758\" srcset=\"https:\/\/ivymobility.com\/wp-content\/uploads\/2023\/10\/1-1.png 596w, https:\/\/ivymobility.com\/wp-content\/uploads\/2023\/10\/1-1-265x300.png 265w\" sizes=\"auto, (max-width: 596px) 100vw, 596px\" \/><\/div><\/a><\/figure>\n\n\n<style>.kadence-column647_4bd7a0-8e > .kt-inside-inner-col{padding-top:var(--global-kb-spacing-xs, 1rem);padding-right:var(--global-kb-spacing-xs, 1rem);padding-bottom:var(--global-kb-spacing-xs, 1rem);padding-left:var(--global-kb-spacing-xs, 1rem);}.kadence-column647_4bd7a0-8e > .kt-inside-inner-col,.kadence-column647_4bd7a0-8e > .kt-inside-inner-col:before{border-top-left-radius:0px;border-top-right-radius:0px;border-bottom-right-radius:0px;border-bottom-left-radius:0px;}.kadence-column647_4bd7a0-8e > .kt-inside-inner-col{column-gap:var(--global-kb-gap-sm, 1rem);}.kadence-column647_4bd7a0-8e > .kt-inside-inner-col{flex-direction:column;}.kadence-column647_4bd7a0-8e > .kt-inside-inner-col > .aligncenter{width:100%;}.kadence-column647_4bd7a0-8e > .kt-inside-inner-col:before{opacity:0.3;}.kadence-column647_4bd7a0-8e{position:relative;}@media all and (max-width: 1024px){.kadence-column647_4bd7a0-8e > .kt-inside-inner-col{flex-direction:column;justify-content:center;}}@media all and (max-width: 767px){.kadence-column647_4bd7a0-8e > .kt-inside-inner-col{padding-top:var(--global-kb-spacing-sm, 1.5rem);padding-right:var(--global-kb-spacing-sm, 1.5rem);padding-bottom:var(--global-kb-spacing-sm, 1.5rem);padding-left:var(--global-kb-spacing-sm, 1.5rem);flex-direction:column;justify-content:center;}}<\/style>\n<div class=\"wp-block-kadence-column kadence-column647_4bd7a0-8e\"><div class=\"kt-inside-inner-col\"><style>.wp-block-kadence-advancedheading.kt-adv-heading647_b622dc-92, .wp-block-kadence-advancedheading.kt-adv-heading647_b622dc-92[data-kb-block=\"kb-adv-heading647_b622dc-92\"]{margin-top:0px;margin-bottom:var(--global-kb-spacing-xxs, 0.5rem);text-align:left;font-size:18px;line-height:30px;font-style:normal;}.wp-block-kadence-advancedheading.kt-adv-heading647_b622dc-92 mark.kt-highlight, .wp-block-kadence-advancedheading.kt-adv-heading647_b622dc-92[data-kb-block=\"kb-adv-heading647_b622dc-92\"] mark.kt-highlight{font-style:normal;color:#f76a0c;-webkit-box-decoration-break:clone;box-decoration-break:clone;padding-top:0px;padding-right:0px;padding-bottom:0px;padding-left:0px;}.wp-block-kadence-advancedheading.kt-adv-heading647_b622dc-92 img.kb-inline-image, .wp-block-kadence-advancedheading.kt-adv-heading647_b622dc-92[data-kb-block=\"kb-adv-heading647_b622dc-92\"] img.kb-inline-image{width:150px;vertical-align:baseline;}.wp-block-kadence-advancedheading.kt-adv-heading647_b622dc-92[data-kb-block=\"kb-adv-heading647_b622dc-92\"] a, a.kb-advanced-heading-link.kt-adv-heading-link647_b622dc-92{text-decoration:none;}<\/style>\n<a href=\"https:\/\/ivymobility.com\/es\/whitepapers\/evolving-indian-fmcg-market-and-latest-tech-advancements\/\" class=\"kb-advanced-heading-link kt-adv-heading-link647_b622dc-92 hls-none\"><h2 class=\"kt-adv-heading647_b622dc-92 wp-block-kadence-advancedheading has-theme-palette-2-color has-text-color\" data-kb-block=\"kb-adv-heading647_b622dc-92\">Evoluci\u00f3n del mercado indio de bienes de consumo y \u00faltimos avances tecnol\u00f3gicos<\/h2><\/a>\n\n\n<style>.wp-block-kadence-dynamichtml.kb-dynamic-html-id-647_c4effa-ba.kb-dynamic-html:not(.added-for-specificity){margin-bottom:var(--global-kb-spacing-sm, 1.5rem);}.kb-dynamic-html.kb-dynamic-html-id-647_c4effa-ba, .kb-dynamic-html.kb-dynamic-html-id-647_c4effa-ba p{color:#6b6b6b;font-size:14px;line-height:1.6em;font-family:Poppins;font-weight:400;font-style:normal;}<\/style><div class=\"wp-block-kadence-dynamichtml kb-dynamic-html kb-dynamic-html-id-647_c4effa-ba\">La evoluci\u00f3n del mercado indio de bienes de consumo y los \u00faltimos avances tecnol\u00f3gicos Los bienes de consumo son un sector importante en la econom\u00eda de la India y reflejan fielmente la situaci\u00f3n del pa\u00eds.<\/div>\n\n<style>.wp-block-kadence-advancedbtn.kb-btns647_b55b80-36{gap:var(--global-kb-gap-xs, 0.5rem );justify-content:flex-start;align-items:center;}.kt-btns647_b55b80-36 .kt-button{font-weight:normal;font-style:normal;}.kt-btns647_b55b80-36 .kt-btn-wrap-0{margin-right:5px;}.wp-block-kadence-advancedbtn.kt-btns647_b55b80-36 .kt-btn-wrap-0 .kt-button{color:#555555;border-color:#555555;}.wp-block-kadence-advancedbtn.kt-btns647_b55b80-36 .kt-btn-wrap-0 .kt-button:hover, .wp-block-kadence-advancedbtn.kt-btns647_b55b80-36 .kt-btn-wrap-0 .kt-button:focus{color:#ffffff;border-color:#444444;}.wp-block-kadence-advancedbtn.kt-btns647_b55b80-36 .kt-btn-wrap-0 .kt-button::before{display:none;}.wp-block-kadence-advancedbtn.kt-btns647_b55b80-36 .kt-btn-wrap-0 .kt-button:hover, .wp-block-kadence-advancedbtn.kt-btns647_b55b80-36 .kt-btn-wrap-0 .kt-button:focus{background:#444444;}<\/style>\n<div class=\"wp-block-kadence-advancedbtn kb-buttons-wrap kb-btns647_b55b80-36\"><style>ul.menu .wp-block-kadence-advancedbtn .kb-btn647_bffc5c-d8.kb-button{width:initial;}.wp-block-kadence-advancedbtn .kb-btn647_bffc5c-d8.kb-button{color:var(--global-palette9, #ffffff);background:var(--global-palette2, #2B6CB0);font-size:14px;line-height:1;font-weight:bold;text-transform:uppercase;border-top-left-radius:10px;border-top-right-radius:10px;border-bottom-right-radius:10px;border-bottom-left-radius:10px;padding-top:15px;padding-right:20px;padding-bottom:15px;padding-left:20px;}.wp-block-kadence-advancedbtn .kb-btn647_bffc5c-d8.kb-button:hover, .wp-block-kadence-advancedbtn .kb-btn647_bffc5c-d8.kb-button:focus{color:var(--global-palette3, #1A202C);background:rgba(0,0,0,0);}<\/style><a class=\"kb-button kt-button button kb-btn647_bffc5c-d8 kt-btn-size-small kt-btn-width-type-auto kb-btn-global-fill  kt-btn-has-text-true kt-btn-has-svg-true  wp-block-kadence-singlebtn\" href=\"https:\/\/ivymobility.com\/es\/whitepapers\/evolving-indian-fmcg-market-and-latest-tech-advancements\/\"><span class=\"kt-btn-inner-text\">Acceda al documento t\u00e9cnico<\/span><span class=\"kb-svg-icon-wrap kb-svg-icon-fe_arrowRight kt-btn-icon-side-right\"><svg viewbox=\"0 0 24 24\"  fill=\"none\" stroke=\"currentColor\" stroke-width=\"2\" stroke-linecap=\"round\" stroke-linejoin=\"round\" xmlns=\"http:\/\/www.w3.org\/2000\/svg\"  aria-hidden=\"true\"><line x1=\"5\" y1=\"12\" x2=\"19\" y2=\"12\"\/><polyline points=\"12 5 19 12 12 19\"\/><\/svg><\/span><\/a><\/div>\n<\/div><\/div>\n\n<\/li><\/ul><\/div>\n\n<style>.wp-block-kadence-query-pagination647_52a820-1c .nav-links svg{width:1em;height:1em;}.wp-block-kadence-query-pagination647_52a820-1c nav{justify-content:center;}.wp-block-kadence-query-pagination647_52a820-1c .pagination .page-numbers svg{pointer-events:none;}<\/style><div class=\"wp-block-kadence-query-pagination wp-block-kadence-query-pagination647_52a820-1c\" data-scroll-target=\"card\"><\/div>\n<\/div><\/div><\/div>\n\n<\/div><\/div>","protected":false},"excerpt":{"rendered":"<p>Libros blancos Lea todo sobre los problemas identificados en su industria, encuentre soluciones y descubra avances a trav\u00e9s de nuestros libros blancos. Nuestros documentos t\u00e9cnicos hablan sobre soluciones pr\u00e1cticas para mitigar los riesgos y las p\u00e9rdidas de su negocio.<\/p>","protected":false},"author":1,"featured_media":0,"parent":0,"menu_order":0,"comment_status":"closed","ping_status":"closed","template":"page-templates\/white-papers.php","meta":{"_acf_changed":false,"inline_featured_image":false,"_kad_blocks_custom_css":"","_kad_blocks_head_custom_js":"","_kad_blocks_body_custom_js":"","_kad_blocks_footer_custom_js":"","_kadence_starter_templates_imported_post":false,"_kad_post_transparent":"","_kad_post_title":"","_kad_post_layout":"","_kad_post_sidebar_id":"","_kad_post_content_style":"","_kad_post_vertical_padding":"","_kad_post_feature":"","_kad_post_feature_position":"","_kad_post_header":false,"_kad_post_footer":false,"footnotes":""},"class_list":["post-647","page","type-page","status-publish","hentry"],"acf":[],"yoast_head":"<!-- This site is optimized with the Yoast SEO plugin v26.9 - https:\/\/yoast.com\/product\/yoast-seo-wordpress\/ -->\n<title>White Papers - Ivy Mobility<\/title>\n<meta name=\"robots\" content=\"noindex, nofollow\" \/>\n<meta property=\"og:locale\" content=\"es_ES\" \/>\n<meta property=\"og:type\" content=\"article\" \/>\n<meta property=\"og:title\" content=\"White Papers - Ivy Mobility\" \/>\n<meta property=\"og:description\" content=\"White Papers Read everything about the pains identified in your industry, find solutions and discover advancements via our white papers. Our white papers talk about practical solutions to mitigate risk and losses for your business.\" \/>\n<meta property=\"og:url\" content=\"https:\/\/ivymobility.com\/es\/white-papers\/\" \/>\n<meta property=\"og:site_name\" content=\"Ivy Mobility\" \/>\n<meta property=\"article:modified_time\" content=\"2024-06-01T19:18:42+00:00\" \/>\n<meta name=\"twitter:card\" content=\"summary_large_image\" \/>\n<script type=\"application\/ld+json\" class=\"yoast-schema-graph\">{\"@context\":\"https:\/\/schema.org\",\"@graph\":[{\"@type\":\"WebPage\",\"@id\":\"https:\/\/ivymobility.com\/white-papers\/\",\"url\":\"https:\/\/ivymobility.com\/white-papers\/\",\"name\":\"White Papers - Ivy Mobility\",\"isPartOf\":{\"@id\":\"https:\/\/ivymobility.com\/#website\"},\"datePublished\":\"2021-11-23T13:39:18+00:00\",\"dateModified\":\"2024-06-01T19:18:42+00:00\",\"breadcrumb\":{\"@id\":\"https:\/\/ivymobility.com\/white-papers\/#breadcrumb\"},\"inLanguage\":\"es\",\"potentialAction\":[{\"@type\":\"ReadAction\",\"target\":[\"https:\/\/ivymobility.com\/white-papers\/\"]}]},{\"@type\":\"BreadcrumbList\",\"@id\":\"https:\/\/ivymobility.com\/white-papers\/#breadcrumb\",\"itemListElement\":[{\"@type\":\"ListItem\",\"position\":1,\"name\":\"Home\",\"item\":\"https:\/\/ivymobility.com\/\"},{\"@type\":\"ListItem\",\"position\":2,\"name\":\"White Papers\"}]},{\"@type\":\"WebSite\",\"@id\":\"https:\/\/ivymobility.com\/#website\",\"url\":\"https:\/\/ivymobility.com\/\",\"name\":\"Ivy Mobility\",\"description\":\"| Intelligent Route to Market Solution for the Consumer Goods Industry\",\"publisher\":{\"@id\":\"https:\/\/ivymobility.com\/#organization\"},\"potentialAction\":[{\"@type\":\"SearchAction\",\"target\":{\"@type\":\"EntryPoint\",\"urlTemplate\":\"https:\/\/ivymobility.com\/?s={search_term_string}\"},\"query-input\":{\"@type\":\"PropertyValueSpecification\",\"valueRequired\":true,\"valueName\":\"search_term_string\"}}],\"inLanguage\":\"es\"},{\"@type\":\"Organization\",\"@id\":\"https:\/\/ivymobility.com\/#organization\",\"name\":\"Ivy Mobility\",\"url\":\"https:\/\/ivymobility.com\/\",\"logo\":{\"@type\":\"ImageObject\",\"inLanguage\":\"es\",\"@id\":\"https:\/\/ivymobility.com\/#\/schema\/logo\/image\/\",\"url\":\"https:\/\/ivymobility.com\/wp-content\/uploads\/2022\/01\/Ivy-Logo-1.png\",\"contentUrl\":\"https:\/\/ivymobility.com\/wp-content\/uploads\/2022\/01\/Ivy-Logo-1.png\",\"width\":500,\"height\":167,\"caption\":\"Ivy Mobility\"},\"image\":{\"@id\":\"https:\/\/ivymobility.com\/#\/schema\/logo\/image\/\"}}]}<\/script>\n<!-- \/ Yoast SEO plugin. -->","yoast_head_json":{"title":"Libros blancos - Ivy Mobility","robots":{"index":"noindex","follow":"nofollow"},"og_locale":"es_ES","og_type":"article","og_title":"White Papers - Ivy Mobility","og_description":"White Papers Read everything about the pains identified in your industry, find solutions and discover advancements via our white papers. Our white papers talk about practical solutions to mitigate risk and losses for your business.","og_url":"https:\/\/ivymobility.com\/es\/white-papers\/","og_site_name":"Ivy Mobility","article_modified_time":"2024-06-01T19:18:42+00:00","twitter_card":"summary_large_image","schema":{"@context":"https:\/\/schema.org","@graph":[{"@type":"WebPage","@id":"https:\/\/ivymobility.com\/white-papers\/","url":"https:\/\/ivymobility.com\/white-papers\/","name":"Libros blancos - Ivy Mobility","isPartOf":{"@id":"https:\/\/ivymobility.com\/#website"},"datePublished":"2021-11-23T13:39:18+00:00","dateModified":"2024-06-01T19:18:42+00:00","breadcrumb":{"@id":"https:\/\/ivymobility.com\/white-papers\/#breadcrumb"},"inLanguage":"es","potentialAction":[{"@type":"ReadAction","target":["https:\/\/ivymobility.com\/white-papers\/"]}]},{"@type":"BreadcrumbList","@id":"https:\/\/ivymobility.com\/white-papers\/#breadcrumb","itemListElement":[{"@type":"ListItem","position":1,"name":"Home","item":"https:\/\/ivymobility.com\/"},{"@type":"ListItem","position":2,"name":"White Papers"}]},{"@type":"WebSite","@id":"https:\/\/ivymobility.com\/#website","url":"https:\/\/ivymobility.com\/","name":"Movilidad de hiedra","description":"| Soluci\u00f3n inteligente de ruta al mercado para la industria de bienes de consumo","publisher":{"@id":"https:\/\/ivymobility.com\/#organization"},"potentialAction":[{"@type":"SearchAction","target":{"@type":"EntryPoint","urlTemplate":"https:\/\/ivymobility.com\/?s={search_term_string}"},"query-input":{"@type":"PropertyValueSpecification","valueRequired":true,"valueName":"search_term_string"}}],"inLanguage":"es"},{"@type":"Organization","@id":"https:\/\/ivymobility.com\/#organization","name":"Movilidad de hiedra","url":"https:\/\/ivymobility.com\/","logo":{"@type":"ImageObject","inLanguage":"es","@id":"https:\/\/ivymobility.com\/#\/schema\/logo\/image\/","url":"https:\/\/ivymobility.com\/wp-content\/uploads\/2022\/01\/Ivy-Logo-1.png","contentUrl":"https:\/\/ivymobility.com\/wp-content\/uploads\/2022\/01\/Ivy-Logo-1.png","width":500,"height":167,"caption":"Ivy Mobility"},"image":{"@id":"https:\/\/ivymobility.com\/#\/schema\/logo\/image\/"}}]}},"taxonomy_info":[],"featured_image_src_large":false,"author_info":{"display_name":"sitemanager","author_link":"https:\/\/ivymobility.com\/es\/author\/sitemanager\/"},"comment_info":0,"_links":{"self":[{"href":"https:\/\/ivymobility.com\/es\/wp-json\/wp\/v2\/pages\/647","targetHints":{"allow":["GET"]}}],"collection":[{"href":"https:\/\/ivymobility.com\/es\/wp-json\/wp\/v2\/pages"}],"about":[{"href":"https:\/\/ivymobility.com\/es\/wp-json\/wp\/v2\/types\/page"}],"author":[{"embeddable":true,"href":"https:\/\/ivymobility.com\/es\/wp-json\/wp\/v2\/users\/1"}],"replies":[{"embeddable":true,"href":"https:\/\/ivymobility.com\/es\/wp-json\/wp\/v2\/comments?post=647"}],"version-history":[{"count":3,"href":"https:\/\/ivymobility.com\/es\/wp-json\/wp\/v2\/pages\/647\/revisions"}],"predecessor-version":[{"id":12228,"href":"https:\/\/ivymobility.com\/es\/wp-json\/wp\/v2\/pages\/647\/revisions\/12228"}],"wp:attachment":[{"href":"https:\/\/ivymobility.com\/es\/wp-json\/wp\/v2\/media?parent=647"}],"curies":[{"name":"gracias","href":"https:\/\/api.w.org\/{rel}","templated":true}]}}